{"id":489,"date":"2020-03-06T15:47:10","date_gmt":"2020-03-06T15:47:10","guid":{"rendered":"https:\/\/reptyfood.com\/blog\/?page_id=489"},"modified":"2020-03-06T16:08:02","modified_gmt":"2020-03-06T16:08:02","slug":"pogona-henrylawsoni","status":"publish","type":"page","link":"https:\/\/reptyfood.com\/blog\/pogona-henrylawsoni\/","title":{"rendered":"Pogona Henrylawsoni"},"content":{"rendered":"<p>Pogona Henrylawsoni, come allevarla<\/p>\n<figure>\n\t\t\t\t\t\t\t\t\t\t<img loading=\"lazy\" decoding=\"async\" width=\"300\" height=\"300\" src=\"https:\/\/reptyfood.com\/blog\/wp-content\/uploads\/2020\/03\/pogona-henrylawsoni-pogona-nain-300x300.jpg\" alt=\"Pogona Henrylawsoni\" srcset=\"https:\/\/reptyfood.com\/blog\/wp-content\/uploads\/2020\/03\/pogona-henrylawsoni-pogona-nain-300x300.jpg 300w, https:\/\/reptyfood.com\/blog\/wp-content\/uploads\/2020\/03\/pogona-henrylawsoni-pogona-nain-150x150.jpg 150w, https:\/\/reptyfood.com\/blog\/wp-content\/uploads\/2020\/03\/pogona-henrylawsoni-pogona-nain-125x125.jpg 125w, https:\/\/reptyfood.com\/blog\/wp-content\/uploads\/2020\/03\/pogona-henrylawsoni-pogona-nain-200x200.jpg 200w, https:\/\/reptyfood.com\/blog\/wp-content\/uploads\/2020\/03\/pogona-henrylawsoni-pogona-nain-80x80.jpg 80w, https:\/\/reptyfood.com\/blog\/wp-content\/uploads\/2020\/03\/pogona-henrylawsoni-pogona-nain-480x480.jpg 480w, https:\/\/reptyfood.com\/blog\/wp-content\/uploads\/2020\/03\/pogona-henrylawsoni-pogona-nain.jpg 550w\" sizes=\"auto, (max-width: 300px) 100vw, 300px\" \/><figcaption>Pogona Henrylawsoni<\/figcaption><\/figure>\n<h2>Scheda di allevamento Pogona Henrylawsoni<\/h2>\n<p>La <strong>pogona Henrylawsoni <\/strong>\u00e8 un sauro della famiglia degli <a href=\"https:\/\/it.wikipedia.org\/wiki\/Agamidae\" target=\"_blank\" rel=\"noreferrer noopener\">Agamide<\/a>, endemico dell\u2019Australia<\/p>\n<p>Alla nascita la <strong>pogona henrylawsoni <\/strong>\u00e8 lunga circa 6 cm, per poi diventare da adulta lunga tra i 35cm. La maturazione sessuale avviene intorno ai 6-8 mesi. La sua aspettativa di vita in cattivit\u00e0 \u00e8 di 7-8 anni<\/p>\n<p>Questi meravigliosi sauri sono onnivori anche se da cuccioli preferiscono mangiare gli insetti per acquisire proteine e da adulti<br \/>tendono a diventare pi\u00f9 vegetariani<\/p>\n<p>Per via della sua indole mansueta, la <strong>pogona henrylawsoni <\/strong>\u00e8 molto comune in commercio ed \u00e8 di solito il sauro con cui ci si avvicina alla terraristica.<\/p>\n<p><b><strong>Il terrario<\/strong> per la pogona henrylawsoni<\/b><\/p>\n<p>Il terrario che ospiter\u00e0 il <strong>drago barbuto<\/strong> deve essere almeno 100x60x40 e sar\u00e0 perfetto per due esemplari femmine. Vi consigliamo un terrario in legno che manterr\u00e0 il calore molto meglio di un terrario in vetro<\/p>\n<p><strong>Illuminazione<\/strong><\/p>\n<p>Il terrario dell apogona vitticeps deve essere dotato di prese d\u2019aria alte nella parte in cui alloggeremo lo <a href=\"https:\/\/reptyfood.com\/55-lampade-spot-riscaldante\" target=\"_blank\" rel=\"noreferrer noopener\">spot riscaldante<\/a> , la <a href=\"https:\/\/reptyfood.com\/59-lampade-a-ioduri-metallici\" target=\"_blank\" rel=\"noreferrer noopener\">lampada a HID<\/a> o la <a href=\"https:\/\/reptyfood.com\/60-lampade-a-vapori-di-mercurio\" target=\"_blank\" rel=\"noreferrer noopener\">lampada a vapori di mercurio<\/a> e basse nel lato opposto del terrario.<\/p>\n<p>Le <a href=\"https:\/\/reptyfood.com\/55-lampade-spot-riscaldante\" target=\"_blank\" rel=\"noreferrer noopener\">lamapde riscaldanti spot<\/a> andranno sempre accompagnate da un <a href=\"https:\/\/reptyfood.com\/lampade-e-neon-uvb\/347-538-arcadia-t5-d3-12.html#\/236-neon_t5-24w_55_cm\" target=\"_blank\" rel=\"noreferrer noopener\">neon UVB <\/a> che servir\u00e0 per l\u2019assimilazione del calcio da parte delle ossa del rettile. Ci sono molti tipi di lampade con varie percentuali, il minimo consgliato per\u00f2 \u00e8 quelle al 5%<\/p>\n<p>Sia che usiamo le lampade spot sia vogliamo utilizzare le HID o le lampade ai vapori di mercurio dobbiamo sempre controllare che nel punto BASKING la temperatura sia di 42\u00b0-45\u00b0, cos\u00ec da creare poi la zona calda con una temperatura di 34\u00b0-36\u00b0 e una zona fredda di 26\u00b0-28\u00b0<\/p>\n<p>Per quanto riguarda il substrato, consigliamo di non usare la sabbia a meno che il drago non sia adulto e la sabbia non contenga calcio. Possiamo utilizzare del linoleum o del tappetino verde finto prato.<\/p>\n<figure>\n\t\t\t\t\t\t\t\t\t\t<img loading=\"lazy\" decoding=\"async\" width=\"200\" height=\"163\" src=\"https:\/\/reptyfood.com\/blog\/wp-content\/uploads\/2020\/03\/ILLUMINAZIONE.png\" alt=\"LAMPADE PER CAMALEONTE\" \/><figcaption>Lampade consigliate per pogona<\/figcaption><\/figure>\n<p><strong>Alimentazione<\/strong><\/p>\n<p>La <strong>pogona henrylawsoni<\/strong>, come gi\u00e0 annunciato \u00e8 un sauro onnivoro. Sar\u00e0 buona abitudine fornirgli la mattina la verdura (rucola, radicchio, scarola, insalate rosse e indivia, tarassaco e sporadicamente di possono dare fiori di zucca, ibisco, trifoglio bianco , malva)<\/p>\n<figure>\n\t\t\t\t\t\t\t\t\t\t\t<a href=\"https:\/\/reptyfood.com\/blatte-lateralis-medie\/45-blatte-lateralis-medie-50-pezzi.html\"><br \/>\n\t\t\t\t\t\t\t<img loading=\"lazy\" decoding=\"async\" width=\"1024\" height=\"768\" src=\"https:\/\/reptyfood.com\/blog\/wp-content\/uploads\/2020\/03\/neanidi-blatte-lateralsi-1024x768.jpg\" alt=\"blatte lateralis\" srcset=\"https:\/\/reptyfood.com\/blog\/wp-content\/uploads\/2020\/03\/neanidi-blatte-lateralsi-1024x768.jpg 1024w, https:\/\/reptyfood.com\/blog\/wp-content\/uploads\/2020\/03\/neanidi-blatte-lateralsi-300x225.jpg 300w, https:\/\/reptyfood.com\/blog\/wp-content\/uploads\/2020\/03\/neanidi-blatte-lateralsi-768x576.jpg 768w, https:\/\/reptyfood.com\/blog\/wp-content\/uploads\/2020\/03\/neanidi-blatte-lateralsi-1536x1152.jpg 1536w, https:\/\/reptyfood.com\/blog\/wp-content\/uploads\/2020\/03\/neanidi-blatte-lateralsi-1440x1080.jpg 1440w, https:\/\/reptyfood.com\/blog\/wp-content\/uploads\/2020\/03\/neanidi-blatte-lateralsi-640x480.jpg 640w, https:\/\/reptyfood.com\/blog\/wp-content\/uploads\/2020\/03\/neanidi-blatte-lateralsi.jpg 2048w\" sizes=\"auto, (max-width: 1024px) 100vw, 1024px\" \/>\t\t\t\t\t\t\t\t<\/a><figcaption>Neanidi di B.Lateralis<\/figcaption><\/figure>\n<figure>\n\t\t\t\t\t\t\t\t\t\t<img loading=\"lazy\" decoding=\"async\" width=\"544\" height=\"422\" src=\"https:\/\/reptyfood.com\/blog\/wp-content\/uploads\/2020\/03\/insalata-mix.png\" alt=\"\" srcset=\"https:\/\/reptyfood.com\/blog\/wp-content\/uploads\/2020\/03\/insalata-mix.png 544w, https:\/\/reptyfood.com\/blog\/wp-content\/uploads\/2020\/03\/insalata-mix-300x233.png 300w\" sizes=\"auto, (max-width: 544px) 100vw, 544px\" \/><figcaption>Mix di insalate<\/figcaption><\/figure>\n<figure>\n\t\t\t\t\t\t\t\t\t\t\t<a href=\"https:\/\/reptyfood.com\/27-acheta-medi\"><br \/>\n\t\t\t\t\t\t\t<img loading=\"lazy\" decoding=\"async\" width=\"544\" height=\"422\" src=\"https:\/\/reptyfood.com\/blog\/wp-content\/uploads\/2020\/03\/grilli-s-e-m.png\" alt=\"Grilli small e medi\" srcset=\"https:\/\/reptyfood.com\/blog\/wp-content\/uploads\/2020\/03\/grilli-s-e-m.png 544w, https:\/\/reptyfood.com\/blog\/wp-content\/uploads\/2020\/03\/grilli-s-e-m-300x233.png 300w\" sizes=\"auto, (max-width: 544px) 100vw, 544px\" \/>\t\t\t\t\t\t\t\t<\/a><figcaption>Grilli small e medi<\/figcaption><\/figure>\n<p>Pi\u00f9 tardi possiamo somministrare gli insetti (<a href=\"https:\/\/reptyfood.com\/24-grilli-da-pasto\" target=\"_blank\" rel=\"noreferrer noopener\">grilli <\/a>, <a href=\"https:\/\/reptyfood.com\/34-blatte-dubia\" target=\"_blank\" rel=\"noreferrer noopener\">blatte dubia<\/a> e <a href=\"https:\/\/reptyfood.com\/36-blatte-lateralis-medie\" target=\"_blank\" rel=\"noreferrer noopener\">blatte lateralis<\/a>, <a href=\"https:\/\/reptyfood.com\/25-locuste-per-rettili\" target=\"_blank\" rel=\"noreferrer noopener\">locuste<\/a> e dai 4 mesi di et\u00e0 in poi possiamo dare sporadicamente <a href=\"https:\/\/reptyfood.com\/39-tarme-e-caimani\" target=\"_blank\" rel=\"noreferrer noopener\">tarme della farina e caimani<\/a>)<\/p>\n<p>Gli insetti da pasto andranno spolverati con <a href=\"https:\/\/reptyfood.com\/calcio-puro\/158-zoo-med-repti-calcium-097612133035.html\" target=\"_blank\" rel=\"noreferrer noopener\">calcio<\/a> e <a href=\"https:\/\/reptyfood.com\/calcio-vitamina-d3\/159-zoo-med-repti-calcium-d3-097612134032.html\" target=\"_blank\" rel=\"noreferrer noopener\">calcio+d3<\/a>. Tutti i giorni il calcio puro e 2 volte a settimana il calcio +d3.<\/p>\n<figure>\n\t\t\t\t\t\t\t\t\t\t\t<a href=\"https:\/\/reptyfood.com\/ricerca?controller=search&amp;s=calcio\"><br \/>\n\t\t\t\t\t\t\t<img loading=\"lazy\" decoding=\"async\" width=\"200\" height=\"163\" src=\"https:\/\/reptyfood.com\/blog\/wp-content\/uploads\/2020\/03\/INTEGRAZIONE.png\" alt=\"INTEGRATORI PER poogna\" \/>\t\t\t\t\t\t\t\t<\/a><figcaption>Calcio con D3 e Calcio puro<\/figcaption><\/figure>\n<p><strong>La muta<\/strong><\/p>\n<p>Con la crescita le <strong>pogona <\/strong>faranno diverse mute pi\u00f9 o meno frequenti, non sar\u00e0 necessario nessun intervento sar\u00e0 sufficiente vaporizzare con dell\u2019acqua per facilitarela rimozione di residui di pelle.<\/p>\n<p><b>Riproduzione<\/b><\/p>\n<p>Le <b>pogone henrylawsoni <\/b>si<b> <\/b>considerano adulte al peso di <b>90 gr<br \/><\/b><b>\u00a0<\/b>Baster\u00e0 mettere insieme il maschio e la femmina<b> <\/b>e attendere.<b><br \/><\/b>\u00a0<\/p>\n<p>La femmina smetter\u00e0 di alimentarsi anche una settimana prima della deposizione. A questo punto inseriamo una vaschetta di plastica con della torba mantenuta umida e nella zona fredda della teca cos\u00ec da poter cominciare a scavare.<\/p>\n<p>Dopo circa 20\/25 giorni avverr\u00e0 la deposizione. In genere la femmina molto attenta copre le uova riparandole dalla luce diretta, ma pu\u00f2 capitare che l\u2019irascibilit\u00e0 del momento porti a danneggiare le uova<\/p>\n<p><strong>Incubazione<\/strong><\/p>\n<p>Le uova deposte dovranno essere contrassegnate con un pennarello sulla parte superiore prima di essere prelevate dalla vaschetta di deposizione. Questo ci garantir\u00e0 che l\u2019embrione non si distacchi dalla parete dell\u2019uovo danneggiandolo irrimediabilmente.<\/p>\n<p>Sistemiamo le uova, con il segno rivolto verso l\u2019alto, in vaschette di plastica preparate con vermiculite o in alternativa perlite inumidita: Il rapporto consigliato deve essere\u00a01:1<\/p>\n<p>Incubate ad una temperatura di c.ca 30\/31 gradiper circa 60 giorni.<\/p>\n<p>Per quanto riguarda l\u2019incubatrice potete <a href=\"https:\/\/reptyfood.com\/incubatrici-per-rettili\/155-lucky-reptile-incubatrice-herp-nursery-ii.html\" target=\"_blank\" rel=\"noreferrer noopener\">acquistarne una<\/a> o costruirne una (seguendo questo <a href=\"https:\/\/www.youtube.com\/watch?v=OJh34BtinlI\" target=\"_blank\" rel=\"noreferrer noopener\">tutorial <\/a>)<\/p>\n<figure>\n\t\t\t\t\t\t\t\t\t\t\t<a href=\"https:\/\/reptyfood.com\/incubatrici-per-rettili\/155-lucky-reptile-incubatrice-herp-nursery-ii.html\"><br \/>\n\t\t\t\t\t\t\t<img loading=\"lazy\" decoding=\"async\" width=\"204\" height=\"300\" src=\"https:\/\/reptyfood.com\/blog\/wp-content\/uploads\/2020\/03\/38466894_2182769791942274_3906285692153495552_n-204x300.jpg\" alt=\"\" srcset=\"https:\/\/reptyfood.com\/blog\/wp-content\/uploads\/2020\/03\/38466894_2182769791942274_3906285692153495552_n-204x300.jpg 204w, https:\/\/reptyfood.com\/blog\/wp-content\/uploads\/2020\/03\/38466894_2182769791942274_3906285692153495552_n.jpg 306w\" sizes=\"auto, (max-width: 204px) 100vw, 204px\" \/>\t\t\t\t\t\t\t\t<\/a><figcaption>Incubatrice per rettili<\/figcaption><\/figure>\n<p><strong>Brumazione<\/strong><\/p>\n<p>SI consoglia per questo rettile di brumare solo esemplari adulti.<\/p>\n<p>La brumazione consente di far riposare l\u2019animale che in questo periodo si ritempra e si prepara alla riproduzione per la successiva stagione. Prima di brumare una pogona sar\u00e0 indispensabile effettuare un esame delle feci per avere la certezza che non sia parassitata<\/p>\n<p>La preparazione alla bruma durer\u00e0 dalle 6 alle 10 settimane, con uno spegnimento graduale delle luci riducendo il fotoperiodo di circa 1 ora a settimana.<\/p>\n<p>Giunti a un riduzione del fotoperiodo di 8 ore smetteremo di alimentare l\u2019animale mantenendo ancora le solite temperature per consentirgli di digerire l\u2019ultimo pasto e una ultima defecazione.<\/p>\n<p>Gli animali pronti per la brumazione dovranno essere pesati e mantenuti al buio ad una temperatura diurna di circa 19\/20\u00b0 e notturna 16\/18\u00b0. Per le successive settimane sar\u00e0 sufficiente un controllo di peso dell\u2019animale<\/p>\n<p>Al risveglio possiamo riattivare l\u2019animale con un fotoperiodo di 6 ore che verr\u00e0 riportato gradualmente (circa 1 ora la settimana) alle 12 .<\/p>\n","protected":false},"excerpt":{"rendered":"<p>Pogona Henrylawsoni, come allevarla Pogona Henrylawsoni Scheda di allevamento Pogona Henrylawsoni La pogona Henrylawsoni \u00e8 un sauro della famiglia degli Agamide, endemico dell\u2019Australia Alla nascita la pogona henrylawsoni \u00e8 lunga circa 6 cm, per poi diventare da adulta lunga tra i 35cm. La maturazione sessuale avviene intorno ai 6-8 mesi. La sua aspettativa di vita&hellip; <br \/> <a class=\"button small blue\" href=\"https:\/\/reptyfood.com\/blog\/pogona-henrylawsoni\/\">Leggi tutto<\/a><\/p>\n","protected":false},"author":1,"featured_media":0,"parent":0,"menu_order":0,"comment_status":"closed","ping_status":"closed","template":"","meta":{"footnotes":""},"class_list":["post-489","page","type-page","status-publish","hentry"],"yoast_head":"<!-- This site is optimized with the Yoast SEO plugin v24.7 - https:\/\/yoast.com\/wordpress\/plugins\/seo\/ -->\n<title>Pogona Henrylawsoni -Scheda di allevamento - Reptyfood<\/title>\n<meta name=\"description\" content=\"Alleviamo pogona vitticeps \/ drago barbuto dal 2006 e dalla nostra esperienza vi forniamo la scheda di allevamento. Continua a leggere\" \/>\n<meta name=\"robots\" content=\"index, follow, max-snippet:-1, max-image-preview:large, max-video-preview:-1\" \/>\n<link rel=\"canonical\" href=\"https:\/\/reptyfood.com\/blog\/pogona-henrylawsoni\/\" \/>\n<meta property=\"og:locale\" content=\"it_IT\" \/>\n<meta property=\"og:type\" content=\"article\" \/>\n<meta property=\"og:title\" content=\"Pogona Henrylawsoni -Scheda di allevamento - Reptyfood\" \/>\n<meta property=\"og:description\" content=\"Alleviamo pogona vitticeps \/ drago barbuto dal 2006 e dalla nostra esperienza vi forniamo la scheda di allevamento. Continua a leggere\" \/>\n<meta property=\"og:url\" content=\"https:\/\/reptyfood.com\/blog\/pogona-henrylawsoni\/\" \/>\n<meta property=\"og:site_name\" content=\"Reptyfood\" \/>\n<meta property=\"article:publisher\" content=\"https:\/\/www.facebook.com\/Reptyfood-insetti-da-pastocibo-surgelato-e-attrezzatura-per-esotici-1559978360888090\/\" \/>\n<meta property=\"article:modified_time\" content=\"2020-03-06T16:08:02+00:00\" \/>\n<meta property=\"og:image\" content=\"https:\/\/reptyfood.com\/blog\/wp-content\/uploads\/2020\/03\/pogona-henrylawsoni-pogona-nain-300x300.jpg\" \/>\n<meta name=\"twitter:card\" content=\"summary_large_image\" \/>\n<meta name=\"twitter:label1\" content=\"Tempo di lettura stimato\" \/>\n\t<meta name=\"twitter:data1\" content=\"4 minuti\" \/>\n<script type=\"application\/ld+json\" class=\"yoast-schema-graph\">{\"@context\":\"https:\/\/schema.org\",\"@graph\":[{\"@type\":\"WebPage\",\"@id\":\"https:\/\/reptyfood.com\/blog\/pogona-henrylawsoni\/\",\"url\":\"https:\/\/reptyfood.com\/blog\/pogona-henrylawsoni\/\",\"name\":\"Pogona Henrylawsoni -Scheda di allevamento - Reptyfood\",\"isPartOf\":{\"@id\":\"https:\/\/reptyfood.com\/blog\/#website\"},\"primaryImageOfPage\":{\"@id\":\"https:\/\/reptyfood.com\/blog\/pogona-henrylawsoni\/#primaryimage\"},\"image\":{\"@id\":\"https:\/\/reptyfood.com\/blog\/pogona-henrylawsoni\/#primaryimage\"},\"thumbnailUrl\":\"https:\/\/reptyfood.com\/blog\/wp-content\/uploads\/2020\/03\/pogona-henrylawsoni-pogona-nain-300x300.jpg\",\"datePublished\":\"2020-03-06T15:47:10+00:00\",\"dateModified\":\"2020-03-06T16:08:02+00:00\",\"description\":\"Alleviamo pogona vitticeps \/ drago barbuto dal 2006 e dalla nostra esperienza vi forniamo la scheda di allevamento. Continua a leggere\",\"breadcrumb\":{\"@id\":\"https:\/\/reptyfood.com\/blog\/pogona-henrylawsoni\/#breadcrumb\"},\"inLanguage\":\"it-IT\",\"potentialAction\":[{\"@type\":\"ReadAction\",\"target\":[\"https:\/\/reptyfood.com\/blog\/pogona-henrylawsoni\/\"]}]},{\"@type\":\"ImageObject\",\"inLanguage\":\"it-IT\",\"@id\":\"https:\/\/reptyfood.com\/blog\/pogona-henrylawsoni\/#primaryimage\",\"url\":\"https:\/\/reptyfood.com\/blog\/wp-content\/uploads\/2020\/03\/pogona-henrylawsoni-pogona-nain.jpg\",\"contentUrl\":\"https:\/\/reptyfood.com\/blog\/wp-content\/uploads\/2020\/03\/pogona-henrylawsoni-pogona-nain.jpg\",\"width\":550,\"height\":550,\"caption\":\"Pogona Henrylawsoni\"},{\"@type\":\"BreadcrumbList\",\"@id\":\"https:\/\/reptyfood.com\/blog\/pogona-henrylawsoni\/#breadcrumb\",\"itemListElement\":[{\"@type\":\"ListItem\",\"position\":1,\"name\":\"Home\",\"item\":\"https:\/\/reptyfood.com\/blog\/\"},{\"@type\":\"ListItem\",\"position\":2,\"name\":\"Pogona Henrylawsoni\"}]},{\"@type\":\"WebSite\",\"@id\":\"https:\/\/reptyfood.com\/blog\/#website\",\"url\":\"https:\/\/reptyfood.com\/blog\/\",\"name\":\"Reptyfood blog\",\"description\":\"\",\"publisher\":{\"@id\":\"https:\/\/reptyfood.com\/blog\/#\/schema\/person\/15fd7136fe0db027749ed4d59f5c1541\"},\"potentialAction\":[{\"@type\":\"SearchAction\",\"target\":{\"@type\":\"EntryPoint\",\"urlTemplate\":\"https:\/\/reptyfood.com\/blog\/?s={search_term_string}\"},\"query-input\":{\"@type\":\"PropertyValueSpecification\",\"valueRequired\":true,\"valueName\":\"search_term_string\"}}],\"inLanguage\":\"it-IT\"},{\"@type\":[\"Person\",\"Organization\"],\"@id\":\"https:\/\/reptyfood.com\/blog\/#\/schema\/person\/15fd7136fe0db027749ed4d59f5c1541\",\"name\":\"admin\",\"image\":{\"@type\":\"ImageObject\",\"inLanguage\":\"it-IT\",\"@id\":\"https:\/\/reptyfood.com\/blog\/#\/schema\/person\/image\/\",\"url\":\"https:\/\/reptyfood.com\/blog\/wp-content\/uploads\/2023\/05\/My-project-13.png\",\"contentUrl\":\"https:\/\/reptyfood.com\/blog\/wp-content\/uploads\/2023\/05\/My-project-13.png\",\"width\":2560,\"height\":2560,\"caption\":\"admin\"},\"logo\":{\"@id\":\"https:\/\/reptyfood.com\/blog\/#\/schema\/person\/image\/\"},\"sameAs\":[\"https:\/\/reptyfood.com\/\",\"https:\/\/www.facebook.com\/Reptyfood-insetti-da-pastocibo-surgelato-e-attrezzatura-per-esotici-1559978360888090\/\",\"https:\/\/www.instagram.com\/reptyfood_animali_esotici\",\"https:\/\/www.youtube.com\/channel\/UCa08XN3rOWzTBdJP7jkgkCw\"]}]}<\/script>\n<!-- \/ Yoast SEO plugin. -->","yoast_head_json":{"title":"Pogona Henrylawsoni -Scheda di allevamento - Reptyfood","description":"Alleviamo pogona vitticeps \/ drago barbuto dal 2006 e dalla nostra esperienza vi forniamo la scheda di allevamento. Continua a leggere","robots":{"index":"index","follow":"follow","max-snippet":"max-snippet:-1","max-image-preview":"max-image-preview:large","max-video-preview":"max-video-preview:-1"},"canonical":"https:\/\/reptyfood.com\/blog\/pogona-henrylawsoni\/","og_locale":"it_IT","og_type":"article","og_title":"Pogona Henrylawsoni -Scheda di allevamento - Reptyfood","og_description":"Alleviamo pogona vitticeps \/ drago barbuto dal 2006 e dalla nostra esperienza vi forniamo la scheda di allevamento. Continua a leggere","og_url":"https:\/\/reptyfood.com\/blog\/pogona-henrylawsoni\/","og_site_name":"Reptyfood","article_publisher":"https:\/\/www.facebook.com\/Reptyfood-insetti-da-pastocibo-surgelato-e-attrezzatura-per-esotici-1559978360888090\/","article_modified_time":"2020-03-06T16:08:02+00:00","og_image":[{"url":"https:\/\/reptyfood.com\/blog\/wp-content\/uploads\/2020\/03\/pogona-henrylawsoni-pogona-nain-300x300.jpg","type":"","width":"","height":""}],"twitter_card":"summary_large_image","twitter_misc":{"Tempo di lettura stimato":"4 minuti"},"schema":{"@context":"https:\/\/schema.org","@graph":[{"@type":"WebPage","@id":"https:\/\/reptyfood.com\/blog\/pogona-henrylawsoni\/","url":"https:\/\/reptyfood.com\/blog\/pogona-henrylawsoni\/","name":"Pogona Henrylawsoni -Scheda di allevamento - Reptyfood","isPartOf":{"@id":"https:\/\/reptyfood.com\/blog\/#website"},"primaryImageOfPage":{"@id":"https:\/\/reptyfood.com\/blog\/pogona-henrylawsoni\/#primaryimage"},"image":{"@id":"https:\/\/reptyfood.com\/blog\/pogona-henrylawsoni\/#primaryimage"},"thumbnailUrl":"https:\/\/reptyfood.com\/blog\/wp-content\/uploads\/2020\/03\/pogona-henrylawsoni-pogona-nain-300x300.jpg","datePublished":"2020-03-06T15:47:10+00:00","dateModified":"2020-03-06T16:08:02+00:00","description":"Alleviamo pogona vitticeps \/ drago barbuto dal 2006 e dalla nostra esperienza vi forniamo la scheda di allevamento. Continua a leggere","breadcrumb":{"@id":"https:\/\/reptyfood.com\/blog\/pogona-henrylawsoni\/#breadcrumb"},"inLanguage":"it-IT","potentialAction":[{"@type":"ReadAction","target":["https:\/\/reptyfood.com\/blog\/pogona-henrylawsoni\/"]}]},{"@type":"ImageObject","inLanguage":"it-IT","@id":"https:\/\/reptyfood.com\/blog\/pogona-henrylawsoni\/#primaryimage","url":"https:\/\/reptyfood.com\/blog\/wp-content\/uploads\/2020\/03\/pogona-henrylawsoni-pogona-nain.jpg","contentUrl":"https:\/\/reptyfood.com\/blog\/wp-content\/uploads\/2020\/03\/pogona-henrylawsoni-pogona-nain.jpg","width":550,"height":550,"caption":"Pogona Henrylawsoni"},{"@type":"BreadcrumbList","@id":"https:\/\/reptyfood.com\/blog\/pogona-henrylawsoni\/#breadcrumb","itemListElement":[{"@type":"ListItem","position":1,"name":"Home","item":"https:\/\/reptyfood.com\/blog\/"},{"@type":"ListItem","position":2,"name":"Pogona Henrylawsoni"}]},{"@type":"WebSite","@id":"https:\/\/reptyfood.com\/blog\/#website","url":"https:\/\/reptyfood.com\/blog\/","name":"Reptyfood blog","description":"","publisher":{"@id":"https:\/\/reptyfood.com\/blog\/#\/schema\/person\/15fd7136fe0db027749ed4d59f5c1541"},"potentialAction":[{"@type":"SearchAction","target":{"@type":"EntryPoint","urlTemplate":"https:\/\/reptyfood.com\/blog\/?s={search_term_string}"},"query-input":{"@type":"PropertyValueSpecification","valueRequired":true,"valueName":"search_term_string"}}],"inLanguage":"it-IT"},{"@type":["Person","Organization"],"@id":"https:\/\/reptyfood.com\/blog\/#\/schema\/person\/15fd7136fe0db027749ed4d59f5c1541","name":"admin","image":{"@type":"ImageObject","inLanguage":"it-IT","@id":"https:\/\/reptyfood.com\/blog\/#\/schema\/person\/image\/","url":"https:\/\/reptyfood.com\/blog\/wp-content\/uploads\/2023\/05\/My-project-13.png","contentUrl":"https:\/\/reptyfood.com\/blog\/wp-content\/uploads\/2023\/05\/My-project-13.png","width":2560,"height":2560,"caption":"admin"},"logo":{"@id":"https:\/\/reptyfood.com\/blog\/#\/schema\/person\/image\/"},"sameAs":["https:\/\/reptyfood.com\/","https:\/\/www.facebook.com\/Reptyfood-insetti-da-pastocibo-surgelato-e-attrezzatura-per-esotici-1559978360888090\/","https:\/\/www.instagram.com\/reptyfood_animali_esotici","https:\/\/www.youtube.com\/channel\/UCa08XN3rOWzTBdJP7jkgkCw"]}]}},"_links":{"self":[{"href":"https:\/\/reptyfood.com\/blog\/wp-json\/wp\/v2\/pages\/489","targetHints":{"allow":["GET"]}}],"collection":[{"href":"https:\/\/reptyfood.com\/blog\/wp-json\/wp\/v2\/pages"}],"about":[{"href":"https:\/\/reptyfood.com\/blog\/wp-json\/wp\/v2\/types\/page"}],"author":[{"embeddable":true,"href":"https:\/\/reptyfood.com\/blog\/wp-json\/wp\/v2\/users\/1"}],"replies":[{"embeddable":true,"href":"https:\/\/reptyfood.com\/blog\/wp-json\/wp\/v2\/comments?post=489"}],"version-history":[{"count":12,"href":"https:\/\/reptyfood.com\/blog\/wp-json\/wp\/v2\/pages\/489\/revisions"}],"predecessor-version":[{"id":508,"href":"https:\/\/reptyfood.com\/blog\/wp-json\/wp\/v2\/pages\/489\/revisions\/508"}],"wp:attachment":[{"href":"https:\/\/reptyfood.com\/blog\/wp-json\/wp\/v2\/media?parent=489"}],"curies":[{"name":"wp","href":"https:\/\/api.w.org\/{rel}","templated":true}]}}