{"id":441,"date":"2020-03-06T11:57:25","date_gmt":"2020-03-06T11:57:25","guid":{"rendered":"https:\/\/reptyfood.com\/blog\/?page_id=441"},"modified":"2020-03-07T09:43:46","modified_gmt":"2020-03-07T09:43:46","slug":"furcifer-pardalis","status":"publish","type":"page","link":"https:\/\/reptyfood.com\/blog\/furcifer-pardalis\/","title":{"rendered":"Furcifer Pardalis"},"content":{"rendered":"<h2>DESCRIZIONE: FURCIFER PARDALIS<\/h2>\n<p>Questa specie \u00e8 diffusa nel Madagascar settentrionale, da 80 a 950 m di altitudine.Ed \u00e8 stata introdotta nelle isole di R\u00e9union e Mauritius.<br \/>Questa specie di camaleonti e molto territoriale e si distingue per locality ( ambilobe,nosy be ecc) va allevata singolarmente (un camaleonte per terrario) e se nel caso si decidesse di allevarne pi\u00f9 di uno i due camaleonti non dovranno vedersi.<br \/>Sono animali che si stressano molto facilmente e andranno maneggiati il meno possibile<\/p>\n<p><strong>MOLTO IMPORTANTE \u00c8 CHE OGNI ANIMALE AL MOMENTO DELL ACQUISTO ABBIA IL RELATIVO CITES<\/strong><\/p>\n<p><b>TERRARIO<\/b>:<br \/>Il terrario deve essere completamente in rete per favorire una corretta areazione.. si pu\u00f2 mettere sulla parete posteriore e sul fondo un pannello per evitare di bagnare il muro e il pavimento durante le nebulizzazioni,sul fondo non devono essere presenti substrati,\u00a0 cortecce,tappetini sintetici ecc, ma deve essere lasciato libero per essere pulito comodamente..<\/p>\n<p>Le dimensioni minime per ospitare un adulto maschio devono essere 120h x 60x 60.. per le femmine invece 100x50x50, all interno vanno posizionati molti rami di dimensione appena superiore alla stretta delle zampe.. i rami vanno posizionati in modo da poter far raggiungere al camaleonte ogni parte del terrario.<\/p>\n<p>Insieme ai rami vanno poi inserite le piante vere e non plastificate che possono creare problemi al camaleonte che potrebbe mordicchiarle..anche per le piante vale lo stesso discorso dei rami .. molte e in ogni parte del terrario,alcune piante compatibili. Da evitare le piante che rompendosi potrebbero rilasciare del latte urticante per gli occhi del camaleonte.<\/p>\n<p>Per gli esemplari femmine \u00e8 indispensabile aggiungere un vaso o comunque un contenitore con misure minime 30x30x40 riempito di torba, dove deporr\u00e0 le uova <b>( ATTENZIONE: la femmina depone uova sterili anche se non \u00e8 stata fatta accoppiare)<\/b><\/p>\n<p>\u00a0\u00a0<br \/>\n\t\t\t\t\t\t\t\t\t\t<img loading=\"lazy\" decoding=\"async\" width=\"200\" height=\"163\" src=\"https:\/\/reptyfood.com\/blog\/wp-content\/uploads\/2020\/03\/PIANTE-PARDALIS-1.png\" alt=\"\" \/><br \/>\n\t\t\t\t\t\t\t\t\t\t<img loading=\"lazy\" decoding=\"async\" width=\"200\" height=\"163\" src=\"https:\/\/reptyfood.com\/blog\/wp-content\/uploads\/2020\/03\/TERRARIO-1.png\" alt=\"\" \/>\t\t\t\t\t\t\t\t\t\t\t<\/p>\n<p><b>ILLUMINAZIONE E TEMPERATURE:<\/b><br \/>Le temperature ideali diurne sono 24\u00b0\/26\u00b0 e non dovranno scendere sotto i 20\u00b0, mentre quelle notturne dovranno essere tra i 18\u00b0\/20\u00b0 e non dovranno andare sotto i 16\u00b0.<\/p>\n<p>Andr\u00e0 creato un punto basking dove il camaleonte si riscalder\u00e0 ,che dovr\u00e0 raggiungere i 30\u00b0 (per i baby vanno bene 28\u00b0) con uno <a href=\"https:\/\/reptyfood.com\/home\/499-lucky-reptile-halogen-mini-sun-35w.html\" target=\"_blank\" rel=\"noopener noreferrer\">spot <\/a>satinato e non rossa o in ceramica ecc.. che non superi i 50w, se un singolo spot non raggiunge il calore voluto aggiungerne un secondo <\/p>\n<p>IMPORTANTE \u00e8 che lo spot vada posizionato all esterno del terrario e che rimanga almeno a 15\/20 cm dalla rete per evitare ustioni al camaleonte.. poi andr\u00e0 messo un tubo <a href=\"https:\/\/reptyfood.com\/lampade-e-neon-uvb\/352-552-arcadia-pro-t5-uvb-kit-12-d3-desert.html#\/239-neon_t5-24w\" target=\"_blank\" rel=\"noopener noreferrer\">(neon) uvb al 5% o 6%,<\/a> andr\u00e0 messo in posizione orizzontale sul tetto del terrario ed entrambi andranno tenuti accesi in inverno 10 ore mentre in estate 12.<\/p>\n<p>.\u00a0\t\t<\/p>\n<figure>\n\t\t\t\t\t\t\t\t\t\t\t<a href=\"https:\/\/reptyfood.com\/lampade-e-neon-uvb\/352-552-arcadia-pro-t5-uvb-kit-12-d3-desert.html#\/239-neon_t5-24w\"><br \/>\n\t\t\t\t\t\t\t<img loading=\"lazy\" decoding=\"async\" width=\"200\" height=\"163\" src=\"https:\/\/reptyfood.com\/blog\/wp-content\/uploads\/2020\/03\/ILLUMINAZIONE.png\" alt=\"LAMPADE PER CAMALEONTE\" \/>\t\t\t\t\t\t\t\t<\/a><figcaption>LAMPADE PER CAMALEONTE<\/figcaption><\/figure>\n<p><b>NEBULIZZAZIONI:<\/b><br \/>Andr\u00e0 crato un <a href=\"https:\/\/reptyfood.com\/nebulizzatori-e-vaporizzatori-per-rettili\/138-exo-terra-monsoon-solo.html\" target=\"_blank\" rel=\"noopener noreferrer\">impianto di nebulizzazione automatico a secondi<\/a>, ce ne sono molti in commercio o si possono costruire facilmente con l aiuto delle tante guide on line.<\/p>\n<p>In alternativa si pu\u00f2 spruzzare con dei semplici <a href=\"https:\/\/reptyfood.com\/nebulizzatori-e-vaporizzatori-per-rettili\/135-exo-terra-mister-spruzzino-2lt.html\" target=\"_blank\" rel=\"noopener noreferrer\">nebulizzatori manuali<\/a> (quelli che si usano per le piante ) in inverno bisogna spruzzare 2\/3 volte al giorno mentre in estate bisogna aumentare almeno a\u00a0 6..importante e che si bagni bene dappertutto e che si lasci asciugare bene tra una nebulizzata e l altra.<\/p>\n<p><b>IDRATAZIONE<\/b><br \/>Andr\u00e0 creato un sistema di gocciolatoio dove il Cama andr\u00e0 ad idratarsi , assolutamente sconsigliato l uso di fontanelle o ciotoline..che andr\u00e0 avviato a giorni alterni per 2 ore (molti utilizzano il sistema flebo che \u00e8 reperibile in qualsiasi farmacia con pochi euro)<\/p>\n<p><b>ALIMENTAZIONE:<\/b><br \/>andranno dati solo insetti vivi.. per quanto riguarda la dieta base bisogna dare <a href=\"https:\/\/reptyfood.com\/24-grilli-da-pasto\" target=\"_blank\" rel=\"noopener noreferrer\">grilli<\/a>,<a href=\"https:\/\/reptyfood.com\/32-blatte-da-pasto-per-rettili\" target=\"_blank\" rel=\"noopener noreferrer\">blatte <\/a>o <a href=\"https:\/\/reptyfood.com\/25-locuste-per-rettili\" target=\"_blank\" rel=\"noopener noreferrer\">locuste <\/a>(molto importante variare la dieta) mentre poi si pu\u00f2 dare senza esagerare e non quotidianamente <a href=\"https:\/\/reptyfood.com\/39-tarme-e-caimani\" target=\"_blank\" rel=\"noopener noreferrer\">tarme della farina<\/a>, <a href=\"https:\/\/reptyfood.com\/larve-e-vermi\/51-91-camole-del-miele.html#\/63-quantita_-30_pezzi\" target=\"_blank\" rel=\"noopener noreferrer\">camole del miele<\/a>, <a href=\"https:\/\/reptyfood.com\/39-tarme-e-caimani\" target=\"_blank\" rel=\"noopener noreferrer\">caimani<\/a> ecc<\/p>\n<p>\t\t\t\t\t\t\t\t\t\t<img loading=\"lazy\" decoding=\"async\" width=\"200\" height=\"163\" src=\"https:\/\/reptyfood.com\/blog\/wp-content\/uploads\/2020\/03\/ALIMENTAZIONE.png\" alt=\"ALIMENTAZIONE CAMALEONTE\" \/>\t\t\t\t\t\t\t\t\t\t\t<\/p>\n<p><b>INTEGRAZIONE<\/b>:<br \/>Bisogna integrare l alimentazione spolverando gli insetti con del <a href=\"https:\/\/reptyfood.com\/calcio-puro\/158-zoo-med-repti-calcium-097612133035.html\" target=\"_blank\" rel=\"noopener noreferrer\">calcio carbonato<\/a> 3\/4 volte a settimana e 2 volte al mese con della vitamina d3 , i baby invece avranno bisogno di calcio 4 volte e <a href=\"https:\/\/reptyfood.com\/calcio-vitamina-d3\/159-zoo-med-repti-calcium-d3-097612134032.html\" target=\"_blank\" rel=\"noopener noreferrer\">vitamina d3<\/a> 2 volte al mese ( solo la vitamina d3 andr\u00e0 interrotta se in estate decidiamo di spostare il terrario all esterno per far beneficiare al camaleonte i raggi del sole)<\/p>\n<p>\t\t\t\t\t\t\t\t\t\t<img loading=\"lazy\" decoding=\"async\" width=\"200\" height=\"163\" src=\"https:\/\/reptyfood.com\/blog\/wp-content\/uploads\/2020\/03\/INTEGRAZIONE.png\" alt=\"INTEGRATORI PER poogna\" \/>\t\t\t\t\t\t\t\t\t\t\t<\/p>\n<p><b>CAMALEONTI BABY:<\/b><br \/>I baby invece andranno allevati in vasconi di plastica (ikea) con il coperchio in rete ,fino all et\u00e0 di 5\/6 mesi per poi spostarsi nel terrario definitivo in rete.<\/p>\n<p>Nel vascone andr\u00e0 messo sul fondo del panno carta da sostituire facilmente,dei rami dalle giuste dimensioni e delle piante finte.<\/p>\n<figure>\n\t\t\t\t\t\t\t\t\t\t<img loading=\"lazy\" decoding=\"async\" width=\"300\" height=\"233\" src=\"https:\/\/reptyfood.com\/blog\/wp-content\/uploads\/2020\/03\/Camaleonte-pardalis-10-300x233.png\" alt=\"vasche per baby pardalis\" srcset=\"https:\/\/reptyfood.com\/blog\/wp-content\/uploads\/2020\/03\/Camaleonte-pardalis-10-300x233.png 300w, https:\/\/reptyfood.com\/blog\/wp-content\/uploads\/2020\/03\/Camaleonte-pardalis-10.png 544w\" sizes=\"auto, (max-width: 300px) 100vw, 300px\" \/><figcaption>Vasche per baby <\/figcaption><\/figure>\n<figure>\n\t\t\t\t\t\t\t\t\t\t\t<a href=\"https:\/\/www.facebook.com\/chameleongreat\/\"><br \/>\n\t\t\t\t\t\t\t<img loading=\"lazy\" decoding=\"async\" width=\"544\" height=\"422\" src=\"https:\/\/reptyfood.com\/blog\/wp-content\/uploads\/2020\/03\/Camaleonte-pardalis.png\" alt=\"camaleonte pardalis\" srcset=\"https:\/\/reptyfood.com\/blog\/wp-content\/uploads\/2020\/03\/Camaleonte-pardalis.png 544w, https:\/\/reptyfood.com\/blog\/wp-content\/uploads\/2020\/03\/Camaleonte-pardalis-300x233.png 300w\" sizes=\"auto, (max-width: 544px) 100vw, 544px\" \/>\t\t\t\t\t\t\t\t<\/a><figcaption>Ambanja<\/figcaption><\/figure>\n<figure>\n\t\t\t\t\t\t\t\t\t\t\t<a href=\"https:\/\/www.facebook.com\/ciro.bluebar\"><br \/>\n\t\t\t\t\t\t\t<img loading=\"lazy\" decoding=\"async\" width=\"544\" height=\"422\" src=\"https:\/\/reptyfood.com\/blog\/wp-content\/uploads\/2020\/03\/Camaleonte-pardalis-1.png\" alt=\"camaleonte pardalis\" srcset=\"https:\/\/reptyfood.com\/blog\/wp-content\/uploads\/2020\/03\/Camaleonte-pardalis-1.png 544w, https:\/\/reptyfood.com\/blog\/wp-content\/uploads\/2020\/03\/Camaleonte-pardalis-1-300x233.png 300w\" sizes=\"auto, (max-width: 544px) 100vw, 544px\" \/>\t\t\t\t\t\t\t\t<\/a><figcaption>Ivan Garufi (Ciro bluebar nosyber)<\/figcaption><\/figure>\n<figure>\n\t\t\t\t\t\t\t\t\t\t\t<a href=\"https:\/\/www.facebook.com\/chameleongreat\/\"><br \/>\n\t\t\t\t\t\t\t<img loading=\"lazy\" decoding=\"async\" width=\"544\" height=\"422\" src=\"https:\/\/reptyfood.com\/blog\/wp-content\/uploads\/2020\/03\/Camaleonte-pardalis-5.png\" alt=\"camaleonte pardalis\" srcset=\"https:\/\/reptyfood.com\/blog\/wp-content\/uploads\/2020\/03\/Camaleonte-pardalis-5.png 544w, https:\/\/reptyfood.com\/blog\/wp-content\/uploads\/2020\/03\/Camaleonte-pardalis-5-300x233.png 300w\" sizes=\"auto, (max-width: 544px) 100vw, 544px\" \/>\t\t\t\t\t\t\t\t<\/a><figcaption>Ambilobe<\/figcaption><\/figure>\n<figure>\n\t\t\t\t\t\t\t\t\t\t\t<a href=\"https:\/\/www.facebook.com\/chameleongreat\/\"><br \/>\n\t\t\t\t\t\t\t<img loading=\"lazy\" decoding=\"async\" width=\"544\" height=\"422\" src=\"https:\/\/reptyfood.com\/blog\/wp-content\/uploads\/2020\/03\/Camaleonte-pardalis-7.png\" alt=\"camaleonte pardalis\" srcset=\"https:\/\/reptyfood.com\/blog\/wp-content\/uploads\/2020\/03\/Camaleonte-pardalis-7.png 544w, https:\/\/reptyfood.com\/blog\/wp-content\/uploads\/2020\/03\/Camaleonte-pardalis-7-300x233.png 300w\" sizes=\"auto, (max-width: 544px) 100vw, 544px\" \/>\t\t\t\t\t\t\t\t<\/a><figcaption>Nosy be true blu<\/figcaption><\/figure>\n<figure>\n\t\t\t\t\t\t\t\t\t\t\t<a href=\"https:\/\/www.facebook.com\/ciro.bluebar\"><br \/>\n\t\t\t\t\t\t\t<img loading=\"lazy\" decoding=\"async\" width=\"544\" height=\"422\" src=\"https:\/\/reptyfood.com\/blog\/wp-content\/uploads\/2020\/03\/Camaleonte-pardalis-6.png\" alt=\"camaleonte pardalis\" srcset=\"https:\/\/reptyfood.com\/blog\/wp-content\/uploads\/2020\/03\/Camaleonte-pardalis-6.png 544w, https:\/\/reptyfood.com\/blog\/wp-content\/uploads\/2020\/03\/Camaleonte-pardalis-6-300x233.png 300w\" sizes=\"auto, (max-width: 544px) 100vw, 544px\" \/>\t\t\t\t\t\t\t\t<\/a><figcaption>Ivan Garufi (Ciro bluebar nosyber)<\/figcaption><\/figure>\n<figure>\n\t\t\t\t\t\t\t\t\t\t\t<a href=\"https:\/\/www.facebook.com\/chameleongreat\/\"><br \/>\n\t\t\t\t\t\t\t<img loading=\"lazy\" decoding=\"async\" width=\"544\" height=\"422\" src=\"https:\/\/reptyfood.com\/blog\/wp-content\/uploads\/2020\/03\/Camaleonte-pardalis-8.png\" alt=\"camaleonte pardalis\" srcset=\"https:\/\/reptyfood.com\/blog\/wp-content\/uploads\/2020\/03\/Camaleonte-pardalis-8.png 544w, https:\/\/reptyfood.com\/blog\/wp-content\/uploads\/2020\/03\/Camaleonte-pardalis-8-300x233.png 300w\" sizes=\"auto, (max-width: 544px) 100vw, 544px\" \/>\t\t\t\t\t\t\t\t<\/a><figcaption>Nosy boraha<\/figcaption><\/figure>\n<figure>\n\t\t\t\t\t\t\t\t\t\t\t<a href=\"https:\/\/www.facebook.com\/chameleongreat\/\"><br \/>\n\t\t\t\t\t\t\t<img loading=\"lazy\" decoding=\"async\" width=\"544\" height=\"422\" src=\"https:\/\/reptyfood.com\/blog\/wp-content\/uploads\/2020\/03\/Camaleonte-pardalis-3.png\" alt=\"camaleonte pardalis\" srcset=\"https:\/\/reptyfood.com\/blog\/wp-content\/uploads\/2020\/03\/Camaleonte-pardalis-3.png 544w, https:\/\/reptyfood.com\/blog\/wp-content\/uploads\/2020\/03\/Camaleonte-pardalis-3-300x233.png 300w\" sizes=\"auto, (max-width: 544px) 100vw, 544px\" \/>\t\t\t\t\t\t\t\t<\/a><figcaption>Ambanja<\/figcaption><\/figure>\n<figure>\n\t\t\t\t\t\t\t\t\t\t\t<a href=\"https:\/\/www.facebook.com\/chameleongreat\/\"><br \/>\n\t\t\t\t\t\t\t<img loading=\"lazy\" decoding=\"async\" width=\"544\" height=\"422\" src=\"https:\/\/reptyfood.com\/blog\/wp-content\/uploads\/2020\/03\/Camaleonte-pardalis-4.png\" alt=\"camaleonte pardalis\" srcset=\"https:\/\/reptyfood.com\/blog\/wp-content\/uploads\/2020\/03\/Camaleonte-pardalis-4.png 544w, https:\/\/reptyfood.com\/blog\/wp-content\/uploads\/2020\/03\/Camaleonte-pardalis-4-300x233.png 300w\" sizes=\"auto, (max-width: 544px) 100vw, 544px\" \/>\t\t\t\t\t\t\t\t<\/a><figcaption>Ambanja<\/figcaption><\/figure>\n<figure>\n\t\t\t\t\t\t\t\t\t\t\t<a href=\"https:\/\/www.facebook.com\/chameleongreat\/\"><br \/>\n\t\t\t\t\t\t\t<img loading=\"lazy\" decoding=\"async\" width=\"544\" height=\"422\" src=\"https:\/\/reptyfood.com\/blog\/wp-content\/uploads\/2020\/03\/Camaleonte-pardalis-2.png\" alt=\"camaleonte pardalis\" srcset=\"https:\/\/reptyfood.com\/blog\/wp-content\/uploads\/2020\/03\/Camaleonte-pardalis-2.png 544w, https:\/\/reptyfood.com\/blog\/wp-content\/uploads\/2020\/03\/Camaleonte-pardalis-2-300x233.png 300w\" sizes=\"auto, (max-width: 544px) 100vw, 544px\" \/>\t\t\t\t\t\t\t\t<\/a><figcaption>Ambilobe<\/figcaption><\/figure>\n<p>SCHEDA E FOTO CONCESSE DA <u><b>IVAN GARUFI<\/b><\/u> (<a href=\"https:\/\/www.facebook.com\/ciro.bluebar\" target=\"_blank\" rel=\"noopener noreferrer\">CIRO BLUEBAR NOSYBER<\/a>). Potete visitare la sua pagina fb <a href=\"https:\/\/www.facebook.com\/chameleongreat\/\" target=\"_blank\" rel=\"noopener noreferrer\">CHAMELEON GREAT<\/a><\/p>\n<p>Se avete appena acquistato un Furcifer pardalis o gi\u00e0 lo possedete vi consigliamo di iscrivervi alla pagina FB <a href=\"https:\/\/www.facebook.com\/groups\/373341663532097\/\" target=\"_blank\" rel=\"noopener noreferrer\">FURCIFER PARDALIS ITAL<\/a>IA<\/p>\n","protected":false},"excerpt":{"rendered":"<p>DESCRIZIONE: FURCIFER PARDALIS Questa specie \u00e8 diffusa nel Madagascar settentrionale, da 80 a 950 m di altitudine.Ed \u00e8 stata introdotta nelle isole di R\u00e9union e Mauritius.Questa specie di camaleonti e molto territoriale e si distingue per locality ( ambilobe,nosy be ecc) va allevata singolarmente (un camaleonte per terrario) e se nel caso si decidesse di&hellip; <br \/> <a class=\"button small blue\" href=\"https:\/\/reptyfood.com\/blog\/furcifer-pardalis\/\">Leggi tutto<\/a><\/p>\n","protected":false},"author":1,"featured_media":0,"parent":0,"menu_order":0,"comment_status":"closed","ping_status":"closed","template":"","meta":{"footnotes":""},"class_list":["post-441","page","type-page","status-publish","hentry"],"yoast_head":"<!-- This site is optimized with the Yoast SEO plugin v24.7 - https:\/\/yoast.com\/wordpress\/plugins\/seo\/ -->\n<title>Furcifer Pardalis - Scheda di allevamentoReptyfood<\/title>\n<meta name=\"description\" content=\"Reptyfood insieme a Ivan Garufi \u00e8 lieta di presentare la scheda di allevamento dei Furcifer pardalis. Continua a leggere per avere maggiori info\" \/>\n<meta name=\"robots\" content=\"index, follow, max-snippet:-1, max-image-preview:large, max-video-preview:-1\" \/>\n<link rel=\"canonical\" href=\"https:\/\/reptyfood.com\/blog\/furcifer-pardalis\/\" \/>\n<meta property=\"og:locale\" content=\"it_IT\" \/>\n<meta property=\"og:type\" content=\"article\" \/>\n<meta property=\"og:title\" content=\"Furcifer Pardalis - Scheda di allevamentoReptyfood\" \/>\n<meta property=\"og:description\" content=\"Reptyfood insieme a Ivan Garufi \u00e8 lieta di presentare la scheda di allevamento dei Furcifer pardalis. Continua a leggere per avere maggiori info\" \/>\n<meta property=\"og:url\" content=\"https:\/\/reptyfood.com\/blog\/furcifer-pardalis\/\" \/>\n<meta property=\"og:site_name\" content=\"Reptyfood\" \/>\n<meta property=\"article:publisher\" content=\"https:\/\/www.facebook.com\/Reptyfood-insetti-da-pastocibo-surgelato-e-attrezzatura-per-esotici-1559978360888090\/\" \/>\n<meta property=\"article:modified_time\" content=\"2020-03-07T09:43:46+00:00\" \/>\n<meta property=\"og:image\" content=\"https:\/\/reptyfood.com\/blog\/wp-content\/uploads\/2020\/03\/PIANTE-PARDALIS-1.png\" \/>\n<meta name=\"twitter:card\" content=\"summary_large_image\" \/>\n<meta name=\"twitter:label1\" content=\"Tempo di lettura stimato\" \/>\n\t<meta name=\"twitter:data1\" content=\"4 minuti\" \/>\n<script type=\"application\/ld+json\" class=\"yoast-schema-graph\">{\"@context\":\"https:\/\/schema.org\",\"@graph\":[{\"@type\":\"WebPage\",\"@id\":\"https:\/\/reptyfood.com\/blog\/furcifer-pardalis\/\",\"url\":\"https:\/\/reptyfood.com\/blog\/furcifer-pardalis\/\",\"name\":\"Furcifer Pardalis - Scheda di allevamentoReptyfood\",\"isPartOf\":{\"@id\":\"https:\/\/reptyfood.com\/blog\/#website\"},\"primaryImageOfPage\":{\"@id\":\"https:\/\/reptyfood.com\/blog\/furcifer-pardalis\/#primaryimage\"},\"image\":{\"@id\":\"https:\/\/reptyfood.com\/blog\/furcifer-pardalis\/#primaryimage\"},\"thumbnailUrl\":\"https:\/\/reptyfood.com\/blog\/wp-content\/uploads\/2020\/03\/PIANTE-PARDALIS-1.png\",\"datePublished\":\"2020-03-06T11:57:25+00:00\",\"dateModified\":\"2020-03-07T09:43:46+00:00\",\"description\":\"Reptyfood insieme a Ivan Garufi \u00e8 lieta di presentare la scheda di allevamento dei Furcifer pardalis. Continua a leggere per avere maggiori info\",\"breadcrumb\":{\"@id\":\"https:\/\/reptyfood.com\/blog\/furcifer-pardalis\/#breadcrumb\"},\"inLanguage\":\"it-IT\",\"potentialAction\":[{\"@type\":\"ReadAction\",\"target\":[\"https:\/\/reptyfood.com\/blog\/furcifer-pardalis\/\"]}]},{\"@type\":\"ImageObject\",\"inLanguage\":\"it-IT\",\"@id\":\"https:\/\/reptyfood.com\/blog\/furcifer-pardalis\/#primaryimage\",\"url\":\"https:\/\/reptyfood.com\/blog\/wp-content\/uploads\/2020\/03\/PIANTE-PARDALIS-1.png\",\"contentUrl\":\"https:\/\/reptyfood.com\/blog\/wp-content\/uploads\/2020\/03\/PIANTE-PARDALIS-1.png\",\"width\":200,\"height\":163,\"caption\":\"PIANTE\"},{\"@type\":\"BreadcrumbList\",\"@id\":\"https:\/\/reptyfood.com\/blog\/furcifer-pardalis\/#breadcrumb\",\"itemListElement\":[{\"@type\":\"ListItem\",\"position\":1,\"name\":\"Home\",\"item\":\"https:\/\/reptyfood.com\/blog\/\"},{\"@type\":\"ListItem\",\"position\":2,\"name\":\"Furcifer Pardalis\"}]},{\"@type\":\"WebSite\",\"@id\":\"https:\/\/reptyfood.com\/blog\/#website\",\"url\":\"https:\/\/reptyfood.com\/blog\/\",\"name\":\"Reptyfood blog\",\"description\":\"\",\"publisher\":{\"@id\":\"https:\/\/reptyfood.com\/blog\/#\/schema\/person\/15fd7136fe0db027749ed4d59f5c1541\"},\"potentialAction\":[{\"@type\":\"SearchAction\",\"target\":{\"@type\":\"EntryPoint\",\"urlTemplate\":\"https:\/\/reptyfood.com\/blog\/?s={search_term_string}\"},\"query-input\":{\"@type\":\"PropertyValueSpecification\",\"valueRequired\":true,\"valueName\":\"search_term_string\"}}],\"inLanguage\":\"it-IT\"},{\"@type\":[\"Person\",\"Organization\"],\"@id\":\"https:\/\/reptyfood.com\/blog\/#\/schema\/person\/15fd7136fe0db027749ed4d59f5c1541\",\"name\":\"admin\",\"image\":{\"@type\":\"ImageObject\",\"inLanguage\":\"it-IT\",\"@id\":\"https:\/\/reptyfood.com\/blog\/#\/schema\/person\/image\/\",\"url\":\"https:\/\/reptyfood.com\/blog\/wp-content\/uploads\/2023\/05\/My-project-13.png\",\"contentUrl\":\"https:\/\/reptyfood.com\/blog\/wp-content\/uploads\/2023\/05\/My-project-13.png\",\"width\":2560,\"height\":2560,\"caption\":\"admin\"},\"logo\":{\"@id\":\"https:\/\/reptyfood.com\/blog\/#\/schema\/person\/image\/\"},\"sameAs\":[\"https:\/\/reptyfood.com\/\",\"https:\/\/www.facebook.com\/Reptyfood-insetti-da-pastocibo-surgelato-e-attrezzatura-per-esotici-1559978360888090\/\",\"https:\/\/www.instagram.com\/reptyfood_animali_esotici\",\"https:\/\/www.youtube.com\/channel\/UCa08XN3rOWzTBdJP7jkgkCw\"]}]}<\/script>\n<!-- \/ Yoast SEO plugin. -->","yoast_head_json":{"title":"Furcifer Pardalis - Scheda di allevamentoReptyfood","description":"Reptyfood insieme a Ivan Garufi \u00e8 lieta di presentare la scheda di allevamento dei Furcifer pardalis. Continua a leggere per avere maggiori info","robots":{"index":"index","follow":"follow","max-snippet":"max-snippet:-1","max-image-preview":"max-image-preview:large","max-video-preview":"max-video-preview:-1"},"canonical":"https:\/\/reptyfood.com\/blog\/furcifer-pardalis\/","og_locale":"it_IT","og_type":"article","og_title":"Furcifer Pardalis - Scheda di allevamentoReptyfood","og_description":"Reptyfood insieme a Ivan Garufi \u00e8 lieta di presentare la scheda di allevamento dei Furcifer pardalis. Continua a leggere per avere maggiori info","og_url":"https:\/\/reptyfood.com\/blog\/furcifer-pardalis\/","og_site_name":"Reptyfood","article_publisher":"https:\/\/www.facebook.com\/Reptyfood-insetti-da-pastocibo-surgelato-e-attrezzatura-per-esotici-1559978360888090\/","article_modified_time":"2020-03-07T09:43:46+00:00","og_image":[{"url":"https:\/\/reptyfood.com\/blog\/wp-content\/uploads\/2020\/03\/PIANTE-PARDALIS-1.png","type":"","width":"","height":""}],"twitter_card":"summary_large_image","twitter_misc":{"Tempo di lettura stimato":"4 minuti"},"schema":{"@context":"https:\/\/schema.org","@graph":[{"@type":"WebPage","@id":"https:\/\/reptyfood.com\/blog\/furcifer-pardalis\/","url":"https:\/\/reptyfood.com\/blog\/furcifer-pardalis\/","name":"Furcifer Pardalis - Scheda di allevamentoReptyfood","isPartOf":{"@id":"https:\/\/reptyfood.com\/blog\/#website"},"primaryImageOfPage":{"@id":"https:\/\/reptyfood.com\/blog\/furcifer-pardalis\/#primaryimage"},"image":{"@id":"https:\/\/reptyfood.com\/blog\/furcifer-pardalis\/#primaryimage"},"thumbnailUrl":"https:\/\/reptyfood.com\/blog\/wp-content\/uploads\/2020\/03\/PIANTE-PARDALIS-1.png","datePublished":"2020-03-06T11:57:25+00:00","dateModified":"2020-03-07T09:43:46+00:00","description":"Reptyfood insieme a Ivan Garufi \u00e8 lieta di presentare la scheda di allevamento dei Furcifer pardalis. Continua a leggere per avere maggiori info","breadcrumb":{"@id":"https:\/\/reptyfood.com\/blog\/furcifer-pardalis\/#breadcrumb"},"inLanguage":"it-IT","potentialAction":[{"@type":"ReadAction","target":["https:\/\/reptyfood.com\/blog\/furcifer-pardalis\/"]}]},{"@type":"ImageObject","inLanguage":"it-IT","@id":"https:\/\/reptyfood.com\/blog\/furcifer-pardalis\/#primaryimage","url":"https:\/\/reptyfood.com\/blog\/wp-content\/uploads\/2020\/03\/PIANTE-PARDALIS-1.png","contentUrl":"https:\/\/reptyfood.com\/blog\/wp-content\/uploads\/2020\/03\/PIANTE-PARDALIS-1.png","width":200,"height":163,"caption":"PIANTE"},{"@type":"BreadcrumbList","@id":"https:\/\/reptyfood.com\/blog\/furcifer-pardalis\/#breadcrumb","itemListElement":[{"@type":"ListItem","position":1,"name":"Home","item":"https:\/\/reptyfood.com\/blog\/"},{"@type":"ListItem","position":2,"name":"Furcifer Pardalis"}]},{"@type":"WebSite","@id":"https:\/\/reptyfood.com\/blog\/#website","url":"https:\/\/reptyfood.com\/blog\/","name":"Reptyfood blog","description":"","publisher":{"@id":"https:\/\/reptyfood.com\/blog\/#\/schema\/person\/15fd7136fe0db027749ed4d59f5c1541"},"potentialAction":[{"@type":"SearchAction","target":{"@type":"EntryPoint","urlTemplate":"https:\/\/reptyfood.com\/blog\/?s={search_term_string}"},"query-input":{"@type":"PropertyValueSpecification","valueRequired":true,"valueName":"search_term_string"}}],"inLanguage":"it-IT"},{"@type":["Person","Organization"],"@id":"https:\/\/reptyfood.com\/blog\/#\/schema\/person\/15fd7136fe0db027749ed4d59f5c1541","name":"admin","image":{"@type":"ImageObject","inLanguage":"it-IT","@id":"https:\/\/reptyfood.com\/blog\/#\/schema\/person\/image\/","url":"https:\/\/reptyfood.com\/blog\/wp-content\/uploads\/2023\/05\/My-project-13.png","contentUrl":"https:\/\/reptyfood.com\/blog\/wp-content\/uploads\/2023\/05\/My-project-13.png","width":2560,"height":2560,"caption":"admin"},"logo":{"@id":"https:\/\/reptyfood.com\/blog\/#\/schema\/person\/image\/"},"sameAs":["https:\/\/reptyfood.com\/","https:\/\/www.facebook.com\/Reptyfood-insetti-da-pastocibo-surgelato-e-attrezzatura-per-esotici-1559978360888090\/","https:\/\/www.instagram.com\/reptyfood_animali_esotici","https:\/\/www.youtube.com\/channel\/UCa08XN3rOWzTBdJP7jkgkCw"]}]}},"_links":{"self":[{"href":"https:\/\/reptyfood.com\/blog\/wp-json\/wp\/v2\/pages\/441","targetHints":{"allow":["GET"]}}],"collection":[{"href":"https:\/\/reptyfood.com\/blog\/wp-json\/wp\/v2\/pages"}],"about":[{"href":"https:\/\/reptyfood.com\/blog\/wp-json\/wp\/v2\/types\/page"}],"author":[{"embeddable":true,"href":"https:\/\/reptyfood.com\/blog\/wp-json\/wp\/v2\/users\/1"}],"replies":[{"embeddable":true,"href":"https:\/\/reptyfood.com\/blog\/wp-json\/wp\/v2\/comments?post=441"}],"version-history":[{"count":17,"href":"https:\/\/reptyfood.com\/blog\/wp-json\/wp\/v2\/pages\/441\/revisions"}],"predecessor-version":[{"id":524,"href":"https:\/\/reptyfood.com\/blog\/wp-json\/wp\/v2\/pages\/441\/revisions\/524"}],"wp:attachment":[{"href":"https:\/\/reptyfood.com\/blog\/wp-json\/wp\/v2\/media?parent=441"}],"curies":[{"name":"wp","href":"https:\/\/api.w.org\/{rel}","templated":true}]}}