{"id":344,"date":"2020-03-01T17:13:00","date_gmt":"2020-03-01T17:13:00","guid":{"rendered":"https:\/\/reptyfood.com\/blog\/?page_id=344"},"modified":"2020-03-11T16:39:03","modified_gmt":"2020-03-11T16:39:03","slug":"pogona-vitticeps-drago-barbuto","status":"publish","type":"page","link":"https:\/\/reptyfood.com\/blog\/pogona-vitticeps-drago-barbuto\/","title":{"rendered":"Pogona Vitticeps &#8211; Drago barbuto"},"content":{"rendered":"\n<p class=\"has-text-align-center\"><strong>Come allevare una pogona vitticeps o drago barbuto<\/strong><\/p>\n\n\n\n<div class=\"wp-block-image\"><figure class=\"aligncenter is-resized\"><img loading=\"lazy\" decoding=\"async\" src=\"https:\/\/reptyfood.com\/blog\/wp-content\/uploads\/2020\/02\/65100_159037250787838_4989968_n.jpg\" alt=\"Pogona red leatherback e silkback\" width=\"330\" height=\"219\"\/><figcaption>Due baby pogone red<\/figcaption><\/figure><\/div>\n\n\n\n<h2 class=\"has-text-align-center wp-block-heading\">Scheda di allevamento Pogona Vitticeps<\/h2>\n\n\n\n<h2 class=\"has-text-align-center wp-block-heading\"><strong>Descrizione<\/strong><\/h2>\n\n\n\n<p>La <strong>pogona vitticeps<\/strong> \u00e8 un sauro della famiglia degli <a rel=\"noreferrer noopener\" href=\"https:\/\/it.wikipedia.org\/wiki\/Agamidae\" target=\"_blank\">Agamide<\/a>, endemico dell&#8217;Australia<\/p>\n\n\n\n<p>La <strong>pogona <\/strong>o <strong>drago barbuto<\/strong> prende il suo nome da una caratteristica che accomune tutte le sottospecie, ovvero presenta sotto il mento tutte le &#8220;spine&#8221;  che ricordano una barba. Quando sono minacciati la espandono facendola sembrare pi\u00f9 grande<\/p>\n\n\n\n<p>Alla nascita la <strong>pogona vitticeps<\/strong> \u00e8 lunga circa 8 cm, per poi diventare da adulta lunga tra i 50 e 60 cm. La maturazione sessuale avviene intorno ai 6-8 mesi.<\/p>\n\n\n\n<p>Questi meravigliosi sauri sono onnivori anche se da cuccioli preferiscono mangiare gli insetti per acquisire proteine e da adulti tendono a diventare pi\u00f9 vegetariani<\/p>\n\n\n\n<p>Per via della sua indole mansueta, la <strong>pogona vitticeps<\/strong> \u00e8 molto comune in commercio ed \u00e8 di solito il sauro con cui ci si avvicina alla terraristica.<\/p>\n\n\n\n<h2 class=\"has-text-align-center wp-block-heading\"><strong>Il terrario<\/strong> per la pogona vitticeps<\/h2>\n\n\n\n<p>Il terrario che ospiter\u00e0 il <strong>drago barbuto<\/strong> deve essere almeno 100x50x50 ( qualndo l&#8217;animali \u00e8 adulto) e sar\u00e0 perfetto per un maschio o per due femmine.  Vi consigliamo un terrario in legno che manterr\u00e0 il calore molto meglio di un terrario in vetro<\/p>\n\n\n\n<h2 class=\"has-text-align-center wp-block-heading\"><strong>Illuminazione<\/strong><\/h2>\n\n\n\n<p>Il terrario dell apogona vitticeps deve essere dotato di prese d&#8217;aria alte nella parte in cui alloggeremo lo <a rel=\"noreferrer noopener\" href=\"https:\/\/reptyfood.com\/55-lampade-spot-riscaldante\" target=\"_blank\">spot riscaldante<\/a> , la <a rel=\"noreferrer noopener\" href=\"https:\/\/reptyfood.com\/59-lampade-a-ioduri-metallici\" target=\"_blank\">lampada a HID<\/a> o la <a rel=\"noreferrer noopener\" href=\"https:\/\/reptyfood.com\/60-lampade-a-vapori-di-mercurio\" target=\"_blank\">lampada a vapori di mercurio<\/a> e basse nel lato opposto del terrario.<\/p>\n\n\n\n<p>Le <a rel=\"noreferrer noopener\" href=\"https:\/\/reptyfood.com\/55-lampade-spot-riscaldante\" target=\"_blank\">lamapde riscaldanti spot<\/a> andranno sempre accompagnate da un <a rel=\"noreferrer noopener\" href=\"https:\/\/reptyfood.com\/lampade-e-neon-uvb\/347-538-arcadia-t5-d3-12.html#\/236-neon_t5-24w_55_cm\" target=\"_blank\">neon UVB <\/a> che servir\u00e0 per l&#8217;assimilazione del calcio da parte delle ossa del rettile. Ci sono molti tipi di lampade con varie percentuali, il  minimo consgliato per\u00f2 \u00e8 quelle al 5% <\/p>\n\n\n\n<p>Sia che usiamo le lampade spot sia vogliamo utilizzare le HID o le lampade ai vapori di mercurio dobbiamo sempre controllare che nel punto BASKING  la temperatura sia di 42\u00b0-45\u00b0, cos\u00ec da creare poi la zona calda con una temperatura di 34\u00b0-36\u00b0 e una zona fredda di 26\u00b0-28\u00b0<\/p>\n\n\n\n<p>Per quanto riguarda il substrato, consigliamo di non usare la sabbia a meno che il drago non sia adulto e la sabbia non contenga calcio. Possiamo utilizzare del linoleum o del tappetino verde finto prato.<\/p>\n\n\n\n<h2 class=\"has-text-align-center wp-block-heading\"><strong>Alimentazione<\/strong><\/h2>\n\n\n\n<p>La <strong>pogona vitticeps<\/strong>, come gi\u00e0 annunciato \u00e8 un sauro onnivoro. Sar\u00e0 buona abitudine fornirgli la mattina la verdura (rucola, radicchio, scarola, insalate rosse e indivia, tarassaco e sporadicamente di possono dare fiori di zucca, ibisco, trifoglio bianco , malva) <\/p>\n\n\n\n<div class=\"wp-block-columns is-layout-flex wp-container-core-columns-is-layout-9d6595d7 wp-block-columns-is-layout-flex\">\n<div class=\"wp-block-column is-layout-flow wp-block-column-is-layout-flow\">\n<figure class=\"wp-block-image size-large\"><a href=\"https:\/\/reptyfood.com\/33-blatte-lateralis\"><img loading=\"lazy\" decoding=\"async\" width=\"544\" height=\"422\" src=\"https:\/\/reptyfood.com\/blog\/wp-content\/uploads\/2020\/03\/blatte-lateralis2.png\" alt=\"Blatte lateralis\" class=\"wp-image-349\" srcset=\"https:\/\/reptyfood.com\/blog\/wp-content\/uploads\/2020\/03\/blatte-lateralis2.png 544w, https:\/\/reptyfood.com\/blog\/wp-content\/uploads\/2020\/03\/blatte-lateralis2-300x233.png 300w\" sizes=\"auto, (max-width: 544px) 100vw, 544px\" \/><\/a><\/figure>\n\n\n\n<p class=\"has-text-align-center\"><a href=\"https:\/\/reptyfood.com\/33-blatte-lateralis\">Blatte lateralis<\/a><\/p>\n<\/div>\n\n\n\n<div class=\"wp-block-column is-layout-flow wp-block-column-is-layout-flow\">\n<figure class=\"wp-block-image size-large\"><img loading=\"lazy\" decoding=\"async\" width=\"544\" height=\"422\" src=\"https:\/\/reptyfood.com\/blog\/wp-content\/uploads\/2020\/03\/insalata-mix.png\" alt=\"Mix insalate per pogona\" class=\"wp-image-350\" srcset=\"https:\/\/reptyfood.com\/blog\/wp-content\/uploads\/2020\/03\/insalata-mix.png 544w, https:\/\/reptyfood.com\/blog\/wp-content\/uploads\/2020\/03\/insalata-mix-300x233.png 300w\" sizes=\"auto, (max-width: 544px) 100vw, 544px\" \/><\/figure>\n\n\n\n<p class=\"has-text-align-center\">Mix insalata<\/p>\n<\/div>\n\n\n\n<div class=\"wp-block-column is-layout-flow wp-block-column-is-layout-flow\">\n<figure class=\"wp-block-image size-large\"><a href=\"https:\/\/reptyfood.com\/24-grilli-da-pasto\"><img loading=\"lazy\" decoding=\"async\" width=\"544\" height=\"422\" src=\"https:\/\/reptyfood.com\/blog\/wp-content\/uploads\/2020\/03\/grilli1.png\" alt=\"Grilli\" class=\"wp-image-351\" srcset=\"https:\/\/reptyfood.com\/blog\/wp-content\/uploads\/2020\/03\/grilli1.png 544w, https:\/\/reptyfood.com\/blog\/wp-content\/uploads\/2020\/03\/grilli1-300x233.png 300w\" sizes=\"auto, (max-width: 544px) 100vw, 544px\" \/><\/a><\/figure>\n\n\n\n<p class=\"has-text-align-center\"> <a href=\"https:\/\/reptyfood.com\/24-grilli-da-pasto\">Grilli <\/a><\/p>\n<\/div>\n<\/div>\n\n\n\n<p>Pi\u00f9 tardi possiamo somministrare gli insetti (<a rel=\"noreferrer noopener\" href=\"https:\/\/reptyfood.com\/24-grilli-da-pasto\" target=\"_blank\">grilli <\/a>, <a rel=\"noreferrer noopener\" href=\"https:\/\/reptyfood.com\/34-blatte-dubia\" target=\"_blank\">blatte dubia<\/a> e <a rel=\"noreferrer noopener\" href=\"https:\/\/reptyfood.com\/36-blatte-lateralis-medie\" target=\"_blank\">blatte lateralis<\/a>, <a rel=\"noreferrer noopener\" href=\"https:\/\/reptyfood.com\/25-locuste-per-rettili\" target=\"_blank\">locuste<\/a> e dai 4 mesi di et\u00e0 in poi possiamo dare sporadicamente <a rel=\"noreferrer noopener\" href=\"https:\/\/reptyfood.com\/39-tarme-e-caimani\" target=\"_blank\">tarme della farina e caimani<\/a>) <\/p>\n\n\n\n<p>Gli insetti da pasto andranno spolverati con <a rel=\"noreferrer noopener\" href=\"https:\/\/reptyfood.com\/calcio-puro\/158-zoo-med-repti-calcium-097612133035.html\" target=\"_blank\">calcio<\/a> e <a rel=\"noreferrer noopener\" href=\"https:\/\/reptyfood.com\/calcio-vitamina-d3\/159-zoo-med-repti-calcium-d3-097612134032.html\" target=\"_blank\">calcio+d3<\/a>. Tutti i giorni il calcio puro e 2 volte a settimana il calcio +d3.<\/p>\n\n\n\n<h2 class=\"has-text-align-center wp-block-heading\"><strong>La muta<\/strong><\/h2>\n\n\n\n<p>Con la crescita le <strong>pogona <\/strong>faranno diverse mute pi\u00f9 o meno frequenti<\/p>\n\n\n\n<p>Non sar\u00e0 necessario nessun intervento sar\u00e0 sufficiente vaporizzare con dell&#8217;acqua per facilitarela rimozione di residui di pelle.<\/p>\n\n\n\n<h2 class=\"has-text-align-center wp-block-heading\"><strong>Accoppiamento<\/strong> delle pogona vitticeps<\/h2>\n\n\n\n<p>In questa fase sar\u00e0 uno spasso notare le fasi di corteggiamento che possono durare da pochi minuti a pi\u00f9 giorni. L&#8217;accoppiamento dura pochi secondi\/minuti e sar\u00e0 preceduta dalla presa del maschio che morder\u00e0 la femmina sulle spine dorsali.<\/p>\n\n\n\n<h2 class=\"has-text-align-center wp-block-heading\"><strong>Riproduzione<\/strong><\/h2>\n\n\n\n<p>&nbsp;Le <strong>pogona <\/strong>vengono considerate adulte quando raggiungo un&nbsp;peso di 250gr.  <\/p>\n\n\n\n<p>E&#8217; probabile che smettano di alimentarsi anche una settimana prima della deposizione. A questo punto inseriamo una vaschetta di plastica con della torba mantenuta umida e nella zona fredda della teca cos\u00ec da poter cominciare a scavare.<\/p>\n\n\n\n<p>Dopo circa 20\/25 giorni avverr\u00e0 la deposizione. In genere la femmina molto attenta copre le uova riparandole dalla luce diretta, ma pu\u00f2 capitare che l&#8217;irascibilit\u00e0 del momento porti a danneggiare le uova<\/p>\n\n\n\n<div class=\"wp-block-image\"><figure class=\"aligncenter size-large is-resized\"><img loading=\"lazy\" decoding=\"async\" src=\"https:\/\/reptyfood.com\/blog\/wp-content\/uploads\/2020\/03\/poogna-esce-dalluovo.jpg\" alt=\"baby pogona red\" class=\"wp-image-345\" width=\"289\" height=\"384\" srcset=\"https:\/\/reptyfood.com\/blog\/wp-content\/uploads\/2020\/03\/poogna-esce-dalluovo.jpg 720w, https:\/\/reptyfood.com\/blog\/wp-content\/uploads\/2020\/03\/poogna-esce-dalluovo-225x300.jpg 225w, https:\/\/reptyfood.com\/blog\/wp-content\/uploads\/2020\/03\/poogna-esce-dalluovo-360x480.jpg 360w\" sizes=\"auto, (max-width: 289px) 100vw, 289px\" \/><figcaption>Il momento della nascita<\/figcaption><\/figure><\/div>\n\n\n\n<h2 class=\"has-text-align-center wp-block-heading\"><strong>Incubazione<\/strong><\/h2>\n\n\n\n<p>Le uova deposte dovranno essere contrassegnate con un pennarello sulla parte superiore prima di essere prelevate dalla vaschetta di deposizione. Questo ci garantir\u00e0 che l&#8217;embrione non si distacchi dalla parete dell&#8217;uovo danneggiandolo irrimediabilmente.<\/p>\n\n\n\n<p>Sistemiamo le uova, con il segno rivolto verso l&#8217;alto, in vaschette di plastica preparate con vermiculite o in alternativa perlite inumidita: Il rapporto consigliato deve essere&nbsp;1:1<\/p>\n\n\n\n<p> Incubate ad una temperatura di c.ca 30\/31 gradiper circa 60 giorni. <\/p>\n\n\n\n<p>Per quanto riguarda l&#8217;incubatrice potete <a rel=\"noreferrer noopener\" href=\"https:\/\/reptyfood.com\/incubatrici-per-rettili\/155-lucky-reptile-incubatrice-herp-nursery-ii.html\" target=\"_blank\">acquistarne una<\/a> o costruirne una (seguendo questo <a rel=\"noreferrer noopener\" href=\"https:\/\/www.youtube.com\/watch?v=OJh34BtinlI\" target=\"_blank\">tutorial <\/a>) <\/p>\n\n\n\n<div class=\"wp-block-image\"><figure class=\"aligncenter size-large is-resized\"><a href=\"https:\/\/reptyfood.com\/incubatrici-per-rettili\/155-lucky-reptile-incubatrice-herp-nursery-ii.html\"><img loading=\"lazy\" decoding=\"async\" src=\"https:\/\/reptyfood.com\/blog\/wp-content\/uploads\/2020\/03\/38466894_2182769791942274_3906285692153495552_n.jpg\" alt=\"\" class=\"wp-image-346\" width=\"220\" height=\"324\" srcset=\"https:\/\/reptyfood.com\/blog\/wp-content\/uploads\/2020\/03\/38466894_2182769791942274_3906285692153495552_n.jpg 306w, https:\/\/reptyfood.com\/blog\/wp-content\/uploads\/2020\/03\/38466894_2182769791942274_3906285692153495552_n-204x300.jpg 204w\" sizes=\"auto, (max-width: 220px) 100vw, 220px\" \/><\/a><figcaption><a href=\"https:\/\/reptyfood.com\/incubatrici-per-rettili\/155-lucky-reptile-incubatrice-herp-nursery-ii.html\">LUCKY REPTILE INCUBATRICE HERP NURSERY II <\/a><\/figcaption><\/figure><\/div>\n\n\n\n<h2 class=\"has-text-align-center wp-block-heading\"><strong>Brumazione<\/strong><\/h2>\n\n\n\n<p>SI consoglia per questo rettile di brumare solo esemplari adulti.<\/p>\n\n\n\n<p>La brumazione consente di far riposare l&#8217;animale che in questo periodo si ritempra e si prepara alla riproduzione per la successiva stagione. Prima di brumare una pogona sar\u00e0 indispensabile effettuare un esame delle feci per avere la certezza che non sia parassitata <\/p>\n\n\n\n<p>La preparazione alla bruma durer\u00e0 dalle 6 alle 10 settimane, con uno spegnimento graduale delle luci riducendo il fotoperiodo di circa 1 ora a settimana.<\/p>\n\n\n\n<p> Giunti a un riduzione del fotoperiodo di 8 ore smetteremo di alimentare l&#8217;animale mantenendo ancora le solite temperature per consentirgli di digerire l&#8217;ultimo pasto e una ultima defecazione. <\/p>\n\n\n\n<p>Gli animali pronti per la brumazione dovranno essere pesati e mantenuti al buio ad una temperatura diurna di circa 19\/20\u00b0 e notturna 16\/18\u00b0. Per le successive settimane sar\u00e0 sufficiente un controllo di peso dell&#8217;animale <\/p>\n\n\n\n<p> Al risveglio possiamo riattivare l&#8217;animale con un fotoperiodo di 6 ore che verr\u00e0 riportato gradualmente (circa 1 ora la settimana) alle 12 .<\/p>\n\n\n\n<h2 class=\"has-text-align-center wp-block-heading\"><strong>Consigli<\/strong> sulle pogona vitticeps<\/h2>\n\n\n\n<p>Per quanto sia facile di gestione una pogona vitticeps bisogna sempre pensare che \u00e8 un animale e ha i suoi bisogni. <\/p>\n\n\n\n<p>Consigliamo di informarsi bene prima di acquistare l&#8217;animale e di portarlo a fare una visita di controllo da un veterinario esperto in animali esotici appena acquistato.<\/p>\n\n\n\n<p>E&#8217; buona norma portare il drago a visita e far analizzare anche le feci<\/p>\n","protected":false},"excerpt":{"rendered":"<p>Come allevare una pogona vitticeps o drago barbuto Scheda di allevamento Pogona Vitticeps Descrizione La pogona vitticeps \u00e8 un sauro della famiglia degli Agamide, endemico dell&#8217;Australia La pogona o drago barbuto prende il suo nome da una caratteristica che accomune tutte le sottospecie, ovvero presenta sotto il mento tutte le &#8220;spine&#8221; che ricordano una barba.&hellip; <br \/> <a class=\"button small blue\" href=\"https:\/\/reptyfood.com\/blog\/pogona-vitticeps-drago-barbuto\/\">Leggi tutto<\/a><\/p>\n","protected":false},"author":1,"featured_media":0,"parent":0,"menu_order":0,"comment_status":"closed","ping_status":"closed","template":"","meta":{"footnotes":""},"class_list":["post-344","page","type-page","status-publish","hentry"],"yoast_head":"<!-- This site is optimized with the Yoast SEO plugin v24.7 - https:\/\/yoast.com\/wordpress\/plugins\/seo\/ -->\n<title>Allevamento Pogona Vitticeps - Drago barbuto - Reptyfood<\/title>\n<meta name=\"description\" content=\"Alleviamo pogona vitticeps \/ drago barbuto dal 2006 e dalla nostra esperienza vi forniamo la scheda di allevamento. Continua a leggere\" \/>\n<meta name=\"robots\" content=\"index, follow, max-snippet:-1, max-image-preview:large, max-video-preview:-1\" \/>\n<link rel=\"canonical\" href=\"https:\/\/reptyfood.com\/blog\/pogona-vitticeps-drago-barbuto\/\" \/>\n<meta property=\"og:locale\" content=\"it_IT\" \/>\n<meta property=\"og:type\" content=\"article\" \/>\n<meta property=\"og:title\" content=\"Allevamento Pogona Vitticeps - Drago barbuto - Reptyfood\" \/>\n<meta property=\"og:description\" content=\"Alleviamo pogona vitticeps \/ drago barbuto dal 2006 e dalla nostra esperienza vi forniamo la scheda di allevamento. Continua a leggere\" \/>\n<meta property=\"og:url\" content=\"https:\/\/reptyfood.com\/blog\/pogona-vitticeps-drago-barbuto\/\" \/>\n<meta property=\"og:site_name\" content=\"Reptyfood\" \/>\n<meta property=\"article:publisher\" content=\"https:\/\/www.facebook.com\/Reptyfood-insetti-da-pastocibo-surgelato-e-attrezzatura-per-esotici-1559978360888090\/\" \/>\n<meta property=\"article:modified_time\" content=\"2020-03-11T16:39:03+00:00\" \/>\n<meta property=\"og:image\" content=\"https:\/\/reptyfood.com\/blog\/wp-content\/uploads\/2020\/02\/65100_159037250787838_4989968_n.jpg\" \/>\n<meta name=\"twitter:card\" content=\"summary_large_image\" \/>\n<meta name=\"twitter:label1\" content=\"Tempo di lettura stimato\" \/>\n\t<meta name=\"twitter:data1\" content=\"5 minuti\" \/>\n<script type=\"application\/ld+json\" class=\"yoast-schema-graph\">{\"@context\":\"https:\/\/schema.org\",\"@graph\":[{\"@type\":\"WebPage\",\"@id\":\"https:\/\/reptyfood.com\/blog\/pogona-vitticeps-drago-barbuto\/\",\"url\":\"https:\/\/reptyfood.com\/blog\/pogona-vitticeps-drago-barbuto\/\",\"name\":\"Allevamento Pogona Vitticeps - Drago barbuto - Reptyfood\",\"isPartOf\":{\"@id\":\"https:\/\/reptyfood.com\/blog\/#website\"},\"primaryImageOfPage\":{\"@id\":\"https:\/\/reptyfood.com\/blog\/pogona-vitticeps-drago-barbuto\/#primaryimage\"},\"image\":{\"@id\":\"https:\/\/reptyfood.com\/blog\/pogona-vitticeps-drago-barbuto\/#primaryimage\"},\"thumbnailUrl\":\"https:\/\/reptyfood.com\/blog\/wp-content\/uploads\/2020\/02\/65100_159037250787838_4989968_n.jpg\",\"datePublished\":\"2020-03-01T17:13:00+00:00\",\"dateModified\":\"2020-03-11T16:39:03+00:00\",\"description\":\"Alleviamo pogona vitticeps \/ drago barbuto dal 2006 e dalla nostra esperienza vi forniamo la scheda di allevamento. Continua a leggere\",\"breadcrumb\":{\"@id\":\"https:\/\/reptyfood.com\/blog\/pogona-vitticeps-drago-barbuto\/#breadcrumb\"},\"inLanguage\":\"it-IT\",\"potentialAction\":[{\"@type\":\"ReadAction\",\"target\":[\"https:\/\/reptyfood.com\/blog\/pogona-vitticeps-drago-barbuto\/\"]}]},{\"@type\":\"ImageObject\",\"inLanguage\":\"it-IT\",\"@id\":\"https:\/\/reptyfood.com\/blog\/pogona-vitticeps-drago-barbuto\/#primaryimage\",\"url\":\"https:\/\/reptyfood.com\/blog\/wp-content\/uploads\/2020\/02\/65100_159037250787838_4989968_n.jpg\",\"contentUrl\":\"https:\/\/reptyfood.com\/blog\/wp-content\/uploads\/2020\/02\/65100_159037250787838_4989968_n.jpg\",\"width\":720,\"height\":480},{\"@type\":\"BreadcrumbList\",\"@id\":\"https:\/\/reptyfood.com\/blog\/pogona-vitticeps-drago-barbuto\/#breadcrumb\",\"itemListElement\":[{\"@type\":\"ListItem\",\"position\":1,\"name\":\"Home\",\"item\":\"https:\/\/reptyfood.com\/blog\/\"},{\"@type\":\"ListItem\",\"position\":2,\"name\":\"Pogona Vitticeps &#8211; Drago barbuto\"}]},{\"@type\":\"WebSite\",\"@id\":\"https:\/\/reptyfood.com\/blog\/#website\",\"url\":\"https:\/\/reptyfood.com\/blog\/\",\"name\":\"Reptyfood blog\",\"description\":\"\",\"publisher\":{\"@id\":\"https:\/\/reptyfood.com\/blog\/#\/schema\/person\/15fd7136fe0db027749ed4d59f5c1541\"},\"potentialAction\":[{\"@type\":\"SearchAction\",\"target\":{\"@type\":\"EntryPoint\",\"urlTemplate\":\"https:\/\/reptyfood.com\/blog\/?s={search_term_string}\"},\"query-input\":{\"@type\":\"PropertyValueSpecification\",\"valueRequired\":true,\"valueName\":\"search_term_string\"}}],\"inLanguage\":\"it-IT\"},{\"@type\":[\"Person\",\"Organization\"],\"@id\":\"https:\/\/reptyfood.com\/blog\/#\/schema\/person\/15fd7136fe0db027749ed4d59f5c1541\",\"name\":\"admin\",\"image\":{\"@type\":\"ImageObject\",\"inLanguage\":\"it-IT\",\"@id\":\"https:\/\/reptyfood.com\/blog\/#\/schema\/person\/image\/\",\"url\":\"https:\/\/reptyfood.com\/blog\/wp-content\/uploads\/2023\/05\/My-project-13.png\",\"contentUrl\":\"https:\/\/reptyfood.com\/blog\/wp-content\/uploads\/2023\/05\/My-project-13.png\",\"width\":2560,\"height\":2560,\"caption\":\"admin\"},\"logo\":{\"@id\":\"https:\/\/reptyfood.com\/blog\/#\/schema\/person\/image\/\"},\"sameAs\":[\"https:\/\/reptyfood.com\/\",\"https:\/\/www.facebook.com\/Reptyfood-insetti-da-pastocibo-surgelato-e-attrezzatura-per-esotici-1559978360888090\/\",\"https:\/\/www.instagram.com\/reptyfood_animali_esotici\",\"https:\/\/www.youtube.com\/channel\/UCa08XN3rOWzTBdJP7jkgkCw\"]}]}<\/script>\n<!-- \/ Yoast SEO plugin. -->","yoast_head_json":{"title":"Allevamento Pogona Vitticeps - Drago barbuto - Reptyfood","description":"Alleviamo pogona vitticeps \/ drago barbuto dal 2006 e dalla nostra esperienza vi forniamo la scheda di allevamento. Continua a leggere","robots":{"index":"index","follow":"follow","max-snippet":"max-snippet:-1","max-image-preview":"max-image-preview:large","max-video-preview":"max-video-preview:-1"},"canonical":"https:\/\/reptyfood.com\/blog\/pogona-vitticeps-drago-barbuto\/","og_locale":"it_IT","og_type":"article","og_title":"Allevamento Pogona Vitticeps - Drago barbuto - Reptyfood","og_description":"Alleviamo pogona vitticeps \/ drago barbuto dal 2006 e dalla nostra esperienza vi forniamo la scheda di allevamento. Continua a leggere","og_url":"https:\/\/reptyfood.com\/blog\/pogona-vitticeps-drago-barbuto\/","og_site_name":"Reptyfood","article_publisher":"https:\/\/www.facebook.com\/Reptyfood-insetti-da-pastocibo-surgelato-e-attrezzatura-per-esotici-1559978360888090\/","article_modified_time":"2020-03-11T16:39:03+00:00","og_image":[{"url":"https:\/\/reptyfood.com\/blog\/wp-content\/uploads\/2020\/02\/65100_159037250787838_4989968_n.jpg","type":"","width":"","height":""}],"twitter_card":"summary_large_image","twitter_misc":{"Tempo di lettura stimato":"5 minuti"},"schema":{"@context":"https:\/\/schema.org","@graph":[{"@type":"WebPage","@id":"https:\/\/reptyfood.com\/blog\/pogona-vitticeps-drago-barbuto\/","url":"https:\/\/reptyfood.com\/blog\/pogona-vitticeps-drago-barbuto\/","name":"Allevamento Pogona Vitticeps - Drago barbuto - Reptyfood","isPartOf":{"@id":"https:\/\/reptyfood.com\/blog\/#website"},"primaryImageOfPage":{"@id":"https:\/\/reptyfood.com\/blog\/pogona-vitticeps-drago-barbuto\/#primaryimage"},"image":{"@id":"https:\/\/reptyfood.com\/blog\/pogona-vitticeps-drago-barbuto\/#primaryimage"},"thumbnailUrl":"https:\/\/reptyfood.com\/blog\/wp-content\/uploads\/2020\/02\/65100_159037250787838_4989968_n.jpg","datePublished":"2020-03-01T17:13:00+00:00","dateModified":"2020-03-11T16:39:03+00:00","description":"Alleviamo pogona vitticeps \/ drago barbuto dal 2006 e dalla nostra esperienza vi forniamo la scheda di allevamento. Continua a leggere","breadcrumb":{"@id":"https:\/\/reptyfood.com\/blog\/pogona-vitticeps-drago-barbuto\/#breadcrumb"},"inLanguage":"it-IT","potentialAction":[{"@type":"ReadAction","target":["https:\/\/reptyfood.com\/blog\/pogona-vitticeps-drago-barbuto\/"]}]},{"@type":"ImageObject","inLanguage":"it-IT","@id":"https:\/\/reptyfood.com\/blog\/pogona-vitticeps-drago-barbuto\/#primaryimage","url":"https:\/\/reptyfood.com\/blog\/wp-content\/uploads\/2020\/02\/65100_159037250787838_4989968_n.jpg","contentUrl":"https:\/\/reptyfood.com\/blog\/wp-content\/uploads\/2020\/02\/65100_159037250787838_4989968_n.jpg","width":720,"height":480},{"@type":"BreadcrumbList","@id":"https:\/\/reptyfood.com\/blog\/pogona-vitticeps-drago-barbuto\/#breadcrumb","itemListElement":[{"@type":"ListItem","position":1,"name":"Home","item":"https:\/\/reptyfood.com\/blog\/"},{"@type":"ListItem","position":2,"name":"Pogona Vitticeps &#8211; Drago barbuto"}]},{"@type":"WebSite","@id":"https:\/\/reptyfood.com\/blog\/#website","url":"https:\/\/reptyfood.com\/blog\/","name":"Reptyfood blog","description":"","publisher":{"@id":"https:\/\/reptyfood.com\/blog\/#\/schema\/person\/15fd7136fe0db027749ed4d59f5c1541"},"potentialAction":[{"@type":"SearchAction","target":{"@type":"EntryPoint","urlTemplate":"https:\/\/reptyfood.com\/blog\/?s={search_term_string}"},"query-input":{"@type":"PropertyValueSpecification","valueRequired":true,"valueName":"search_term_string"}}],"inLanguage":"it-IT"},{"@type":["Person","Organization"],"@id":"https:\/\/reptyfood.com\/blog\/#\/schema\/person\/15fd7136fe0db027749ed4d59f5c1541","name":"admin","image":{"@type":"ImageObject","inLanguage":"it-IT","@id":"https:\/\/reptyfood.com\/blog\/#\/schema\/person\/image\/","url":"https:\/\/reptyfood.com\/blog\/wp-content\/uploads\/2023\/05\/My-project-13.png","contentUrl":"https:\/\/reptyfood.com\/blog\/wp-content\/uploads\/2023\/05\/My-project-13.png","width":2560,"height":2560,"caption":"admin"},"logo":{"@id":"https:\/\/reptyfood.com\/blog\/#\/schema\/person\/image\/"},"sameAs":["https:\/\/reptyfood.com\/","https:\/\/www.facebook.com\/Reptyfood-insetti-da-pastocibo-surgelato-e-attrezzatura-per-esotici-1559978360888090\/","https:\/\/www.instagram.com\/reptyfood_animali_esotici","https:\/\/www.youtube.com\/channel\/UCa08XN3rOWzTBdJP7jkgkCw"]}]}},"_links":{"self":[{"href":"https:\/\/reptyfood.com\/blog\/wp-json\/wp\/v2\/pages\/344","targetHints":{"allow":["GET"]}}],"collection":[{"href":"https:\/\/reptyfood.com\/blog\/wp-json\/wp\/v2\/pages"}],"about":[{"href":"https:\/\/reptyfood.com\/blog\/wp-json\/wp\/v2\/types\/page"}],"author":[{"embeddable":true,"href":"https:\/\/reptyfood.com\/blog\/wp-json\/wp\/v2\/users\/1"}],"replies":[{"embeddable":true,"href":"https:\/\/reptyfood.com\/blog\/wp-json\/wp\/v2\/comments?post=344"}],"version-history":[{"count":4,"href":"https:\/\/reptyfood.com\/blog\/wp-json\/wp\/v2\/pages\/344\/revisions"}],"predecessor-version":[{"id":356,"href":"https:\/\/reptyfood.com\/blog\/wp-json\/wp\/v2\/pages\/344\/revisions\/356"}],"wp:attachment":[{"href":"https:\/\/reptyfood.com\/blog\/wp-json\/wp\/v2\/media?parent=344"}],"curies":[{"name":"wp","href":"https:\/\/api.w.org\/{rel}","templated":true}]}}