{"id":327,"date":"2020-03-01T16:39:49","date_gmt":"2020-03-01T16:39:49","guid":{"rendered":"https:\/\/reptyfood.com\/blog\/?page_id=327"},"modified":"2020-03-03T09:24:10","modified_gmt":"2020-03-03T09:24:10","slug":"grilli-acheta-domestica-allevamento","status":"publish","type":"page","link":"https:\/\/reptyfood.com\/blog\/grilli-acheta-domestica-allevamento\/","title":{"rendered":"Grilli acheta domestica allevamento"},"content":{"rendered":"\n<h2 class=\"has-text-align-center wp-block-heading\"> <em><strong>Descrizione Acheta domestica<\/strong><\/em><\/h2>\n\n\n\n<p> L&#8217;allevamento dei <strong>grilli Acheta domestica<\/strong> \u00e8 il pi\u00f9  diffuso in quanto sono i  pi\u00f9 utilizzati nella terraristica come insetto  da pasto. Sono di colore marrone chiaro e da adulti raggiungono i 2 cm  circa. Le femmine adulte si riconoscono grazie alla presenza  del&#8217;ovopositore e dalle ali pi\u00f9 lunghe. <\/p>\n\n\n\n<div class=\"wp-block-image\"><figure class=\"aligncenter\"><img decoding=\"async\" src=\"https:\/\/reptyfood.com\/blog\/wp-content\/uploads\/2020\/02\/grills.jpg\" alt=\"Differenza acheta domestica maschio e femmina\"\/><figcaption>Dimorfismo sessuale<\/figcaption><\/figure><\/div>\n\n\n\n<p>Si pensa sia originario dell&#8217;Asia sud occidentale e poi portato dall&#8217;uomo in tutta la zona dell&#8217;Eurasia, Nord America e Nord Africa.<\/p>\n\n\n\n<h2 class=\"has-text-align-center wp-block-heading\"><strong><em>Allevamento dei grilli Acheta domestica<\/em><\/strong><\/h2>\n\n\n\n<p>L&#8217;allevamento degli <strong>Acheta domestica<\/strong> da pasto, \u00e8 molto semplice e completa il suo ciclo vitale in 2\/3 mesi. Ad una temperatura di 25\u00b0-30\u00b0 attraverso 7 stadi e 8 mute passeranno da circa 1mm a 2 cm.<\/p>\n\n\n\n<h2 class=\"has-text-align-center wp-block-heading\"><em><strong>Il Box <\/strong><\/em><\/h2>\n\n\n\n<p>Per allevare i grilli <strong>Acheta domestica<\/strong> utilizziamo un contenitore che deve essere ben areato, utilizziamo le <a rel=\"noreferrer noopener\" href=\"https:\/\/www.ikea.com\/it\/it\/cat\/samla-serie-12553\/\" target=\"_blank\">SAMLA <\/a>di Ikea modificando i lati e il coperchio con della rete metallica.<\/p>\n\n\n\n<p>All&#8217;interno mettiamo dei contenitori per le uova, i rotolini della carta igenica o dello scottex in modo da fornire riparo ai grilli.<\/p>\n\n\n\n<p>Sul fondo non mettiamo nulla in modo da poter rendere la pulizia del contenitore facile. Consigliamo di pulire il box almeno una volta a settimana<\/p>\n\n\n\n<h2 class=\"has-text-align-center wp-block-heading\"><strong><em>Alimentazione grilli <\/em><\/strong>acheta domestica<\/h2>\n\n\n\n<p>Per quanto riguarda l&#8217;alimentazione gli <strong>Acheta domestica<\/strong> sono onnnivori, noi vi consigliamo di utilizzare il <a rel=\"noreferrer noopener\" href=\"https:\/\/reptyfood.com\/cibo-per-insetti-da-pasto\/196-joker-reptiles-cibo-per-grilli-in-pellet.html\" target=\"_blank\">pellet <\/a>specifico in alternativa potete usare <a rel=\"noreferrer noopener\" href=\"https:\/\/reptyfood.com\/cibo-per-pesci\/198-401-tropical-supervit-scaglie-mangime-per-pesci-onnivori-5900469704011.html#\/180-tropical-12_grammi\" target=\"_blank\">mangimi in scaglie per pesci<\/a>, crocchette per gatti o cani light. <\/p>\n\n\n\n<p>Da bere potete fornire <a rel=\"noreferrer noopener\" href=\"https:\/\/reptyfood.com\/cibo-per-insetti-da-pasto\/300-joker-reptile-acqua-gel.html\" target=\"_blank\">acqua gel <\/a>oppure somministrare patate o carote ( consigliamo questi due alimenti perch\u00e8 non creano muffe e si seccano). <\/p>\n\n\n\n<p>Per la riproduzione e l&#8217;allevamento dei grilli da pasto \u00e8 importante anche il <a href=\"https:\/\/reptyfood.com\/calcio-puro\/158-zoo-med-repti-calcium-097612133035.html\">calcio<\/a>, da lasciare a disposizione , aiuter\u00e0 i grilli a creare un esoscheletro pi\u00f9 robusto<\/p>\n\n\n\n<h2 class=\"has-text-align-center wp-block-heading\"><strong><em>Riproduzione degli Acheta domestica<\/em><\/strong><\/h2>\n\n\n\n<p>Nel nostro contenitore con <strong>grilli Acheta domestica<\/strong> adulti non dovr\u00e0 MAI mancare un vaschetta con della torba umida ( senza concimi), nella quale le femmine deporranno le uova. Se le femmine non depongono le uova andranno in distocia e di conseguenza moriranno. Morte le femmine, in pochi giorni moriranno anche i maschi<\/p>\n\n\n\n<p>Nel contenitore con la torba umida, in 1 o 2 settimane cominceranno a nascere i grilli.<\/p>\n\n\n\n<figure class=\"wp-block-image\"><img decoding=\"async\" src=\"https:\/\/reptyfood.com\/blog\/wp-content\/uploads\/2020\/02\/GRILLI-MICRO.jpg\" alt=\"Micro grilli appena nati\"\/><figcaption>Micro grilli<\/figcaption><\/figure>\n\n\n\n<p>Ai micro grilli forniremo da mangiare esattamente le stesse cose degli adulti ma tutto tritato. Per loro sar\u00e0 fondamentale il calcio puro in polvere<\/p>\n\n\n\n<p>Per far bere i micro grilli \u00e8 preferibile usare dello scottex imbevuto di acqau per evitare di far affogare i piccoli<\/p>\n","protected":false},"excerpt":{"rendered":"<p>Descrizione Acheta domestica L&#8217;allevamento dei grilli Acheta domestica \u00e8 il pi\u00f9 diffuso in quanto sono i pi\u00f9 utilizzati nella terraristica come insetto da pasto. Sono di colore marrone chiaro e da adulti raggiungono i 2 cm circa. Le femmine adulte si riconoscono grazie alla presenza del&#8217;ovopositore e dalle ali pi\u00f9 lunghe. Si pensa sia originario&hellip; <br \/> <a class=\"button small blue\" href=\"https:\/\/reptyfood.com\/blog\/grilli-acheta-domestica-allevamento\/\">Leggi tutto<\/a><\/p>\n","protected":false},"author":1,"featured_media":0,"parent":0,"menu_order":0,"comment_status":"closed","ping_status":"closed","template":"","meta":{"footnotes":""},"class_list":["post-327","page","type-page","status-publish","hentry"],"yoast_head":"<!-- This site is optimized with the Yoast SEO plugin v24.7 - https:\/\/yoast.com\/wordpress\/plugins\/seo\/ -->\n<title>Grilli acheta domestica allevamento - Reptyfood<\/title>\n<meta name=\"description\" content=\"In questo articolo spieghiamo come creare il tuo allevamento di grilli da pasto (Acheta domestica) . Continua a leggere per maggiori informazioni\" \/>\n<meta name=\"robots\" content=\"index, follow, max-snippet:-1, max-image-preview:large, max-video-preview:-1\" \/>\n<link rel=\"canonical\" href=\"https:\/\/reptyfood.com\/blog\/grilli-acheta-domestica-allevamento\/\" \/>\n<meta property=\"og:locale\" content=\"it_IT\" \/>\n<meta property=\"og:type\" content=\"article\" \/>\n<meta property=\"og:title\" content=\"Grilli acheta domestica allevamento - Reptyfood\" \/>\n<meta property=\"og:description\" content=\"In questo articolo spieghiamo come creare il tuo allevamento di grilli da pasto (Acheta domestica) . Continua a leggere per maggiori informazioni\" \/>\n<meta property=\"og:url\" content=\"https:\/\/reptyfood.com\/blog\/grilli-acheta-domestica-allevamento\/\" \/>\n<meta property=\"og:site_name\" content=\"Reptyfood\" \/>\n<meta property=\"article:publisher\" content=\"https:\/\/www.facebook.com\/Reptyfood-insetti-da-pastocibo-surgelato-e-attrezzatura-per-esotici-1559978360888090\/\" \/>\n<meta property=\"article:modified_time\" content=\"2020-03-03T09:24:10+00:00\" \/>\n<meta property=\"og:image\" content=\"https:\/\/reptyfood.com\/blog\/wp-content\/uploads\/2020\/02\/grills.jpg\" \/>\n<meta name=\"twitter:card\" content=\"summary_large_image\" \/>\n<meta name=\"twitter:label1\" content=\"Tempo di lettura stimato\" \/>\n\t<meta name=\"twitter:data1\" content=\"2 minuti\" \/>\n<script type=\"application\/ld+json\" class=\"yoast-schema-graph\">{\"@context\":\"https:\/\/schema.org\",\"@graph\":[{\"@type\":\"WebPage\",\"@id\":\"https:\/\/reptyfood.com\/blog\/grilli-acheta-domestica-allevamento\/\",\"url\":\"https:\/\/reptyfood.com\/blog\/grilli-acheta-domestica-allevamento\/\",\"name\":\"Grilli acheta domestica allevamento - Reptyfood\",\"isPartOf\":{\"@id\":\"https:\/\/reptyfood.com\/blog\/#website\"},\"primaryImageOfPage\":{\"@id\":\"https:\/\/reptyfood.com\/blog\/grilli-acheta-domestica-allevamento\/#primaryimage\"},\"image\":{\"@id\":\"https:\/\/reptyfood.com\/blog\/grilli-acheta-domestica-allevamento\/#primaryimage\"},\"thumbnailUrl\":\"https:\/\/reptyfood.com\/blog\/wp-content\/uploads\/2020\/02\/grills.jpg\",\"datePublished\":\"2020-03-01T16:39:49+00:00\",\"dateModified\":\"2020-03-03T09:24:10+00:00\",\"description\":\"In questo articolo spieghiamo come creare il tuo allevamento di grilli da pasto (Acheta domestica) . Continua a leggere per maggiori informazioni\",\"breadcrumb\":{\"@id\":\"https:\/\/reptyfood.com\/blog\/grilli-acheta-domestica-allevamento\/#breadcrumb\"},\"inLanguage\":\"it-IT\",\"potentialAction\":[{\"@type\":\"ReadAction\",\"target\":[\"https:\/\/reptyfood.com\/blog\/grilli-acheta-domestica-allevamento\/\"]}]},{\"@type\":\"ImageObject\",\"inLanguage\":\"it-IT\",\"@id\":\"https:\/\/reptyfood.com\/blog\/grilli-acheta-domestica-allevamento\/#primaryimage\",\"url\":\"https:\/\/reptyfood.com\/blog\/wp-content\/uploads\/2020\/02\/grills.jpg\",\"contentUrl\":\"https:\/\/reptyfood.com\/blog\/wp-content\/uploads\/2020\/02\/grills.jpg\",\"width\":150,\"height\":143},{\"@type\":\"BreadcrumbList\",\"@id\":\"https:\/\/reptyfood.com\/blog\/grilli-acheta-domestica-allevamento\/#breadcrumb\",\"itemListElement\":[{\"@type\":\"ListItem\",\"position\":1,\"name\":\"Home\",\"item\":\"https:\/\/reptyfood.com\/blog\/\"},{\"@type\":\"ListItem\",\"position\":2,\"name\":\"Grilli acheta domestica allevamento\"}]},{\"@type\":\"WebSite\",\"@id\":\"https:\/\/reptyfood.com\/blog\/#website\",\"url\":\"https:\/\/reptyfood.com\/blog\/\",\"name\":\"Reptyfood blog\",\"description\":\"\",\"publisher\":{\"@id\":\"https:\/\/reptyfood.com\/blog\/#\/schema\/person\/15fd7136fe0db027749ed4d59f5c1541\"},\"potentialAction\":[{\"@type\":\"SearchAction\",\"target\":{\"@type\":\"EntryPoint\",\"urlTemplate\":\"https:\/\/reptyfood.com\/blog\/?s={search_term_string}\"},\"query-input\":{\"@type\":\"PropertyValueSpecification\",\"valueRequired\":true,\"valueName\":\"search_term_string\"}}],\"inLanguage\":\"it-IT\"},{\"@type\":[\"Person\",\"Organization\"],\"@id\":\"https:\/\/reptyfood.com\/blog\/#\/schema\/person\/15fd7136fe0db027749ed4d59f5c1541\",\"name\":\"admin\",\"image\":{\"@type\":\"ImageObject\",\"inLanguage\":\"it-IT\",\"@id\":\"https:\/\/reptyfood.com\/blog\/#\/schema\/person\/image\/\",\"url\":\"https:\/\/reptyfood.com\/blog\/wp-content\/uploads\/2023\/05\/My-project-13.png\",\"contentUrl\":\"https:\/\/reptyfood.com\/blog\/wp-content\/uploads\/2023\/05\/My-project-13.png\",\"width\":2560,\"height\":2560,\"caption\":\"admin\"},\"logo\":{\"@id\":\"https:\/\/reptyfood.com\/blog\/#\/schema\/person\/image\/\"},\"sameAs\":[\"https:\/\/reptyfood.com\/\",\"https:\/\/www.facebook.com\/Reptyfood-insetti-da-pastocibo-surgelato-e-attrezzatura-per-esotici-1559978360888090\/\",\"https:\/\/www.instagram.com\/reptyfood_animali_esotici\",\"https:\/\/www.youtube.com\/channel\/UCa08XN3rOWzTBdJP7jkgkCw\"]}]}<\/script>\n<!-- \/ Yoast SEO plugin. -->","yoast_head_json":{"title":"Grilli acheta domestica allevamento - Reptyfood","description":"In questo articolo spieghiamo come creare il tuo allevamento di grilli da pasto (Acheta domestica) . Continua a leggere per maggiori informazioni","robots":{"index":"index","follow":"follow","max-snippet":"max-snippet:-1","max-image-preview":"max-image-preview:large","max-video-preview":"max-video-preview:-1"},"canonical":"https:\/\/reptyfood.com\/blog\/grilli-acheta-domestica-allevamento\/","og_locale":"it_IT","og_type":"article","og_title":"Grilli acheta domestica allevamento - Reptyfood","og_description":"In questo articolo spieghiamo come creare il tuo allevamento di grilli da pasto (Acheta domestica) . Continua a leggere per maggiori informazioni","og_url":"https:\/\/reptyfood.com\/blog\/grilli-acheta-domestica-allevamento\/","og_site_name":"Reptyfood","article_publisher":"https:\/\/www.facebook.com\/Reptyfood-insetti-da-pastocibo-surgelato-e-attrezzatura-per-esotici-1559978360888090\/","article_modified_time":"2020-03-03T09:24:10+00:00","og_image":[{"url":"https:\/\/reptyfood.com\/blog\/wp-content\/uploads\/2020\/02\/grills.jpg","type":"","width":"","height":""}],"twitter_card":"summary_large_image","twitter_misc":{"Tempo di lettura stimato":"2 minuti"},"schema":{"@context":"https:\/\/schema.org","@graph":[{"@type":"WebPage","@id":"https:\/\/reptyfood.com\/blog\/grilli-acheta-domestica-allevamento\/","url":"https:\/\/reptyfood.com\/blog\/grilli-acheta-domestica-allevamento\/","name":"Grilli acheta domestica allevamento - Reptyfood","isPartOf":{"@id":"https:\/\/reptyfood.com\/blog\/#website"},"primaryImageOfPage":{"@id":"https:\/\/reptyfood.com\/blog\/grilli-acheta-domestica-allevamento\/#primaryimage"},"image":{"@id":"https:\/\/reptyfood.com\/blog\/grilli-acheta-domestica-allevamento\/#primaryimage"},"thumbnailUrl":"https:\/\/reptyfood.com\/blog\/wp-content\/uploads\/2020\/02\/grills.jpg","datePublished":"2020-03-01T16:39:49+00:00","dateModified":"2020-03-03T09:24:10+00:00","description":"In questo articolo spieghiamo come creare il tuo allevamento di grilli da pasto (Acheta domestica) . Continua a leggere per maggiori informazioni","breadcrumb":{"@id":"https:\/\/reptyfood.com\/blog\/grilli-acheta-domestica-allevamento\/#breadcrumb"},"inLanguage":"it-IT","potentialAction":[{"@type":"ReadAction","target":["https:\/\/reptyfood.com\/blog\/grilli-acheta-domestica-allevamento\/"]}]},{"@type":"ImageObject","inLanguage":"it-IT","@id":"https:\/\/reptyfood.com\/blog\/grilli-acheta-domestica-allevamento\/#primaryimage","url":"https:\/\/reptyfood.com\/blog\/wp-content\/uploads\/2020\/02\/grills.jpg","contentUrl":"https:\/\/reptyfood.com\/blog\/wp-content\/uploads\/2020\/02\/grills.jpg","width":150,"height":143},{"@type":"BreadcrumbList","@id":"https:\/\/reptyfood.com\/blog\/grilli-acheta-domestica-allevamento\/#breadcrumb","itemListElement":[{"@type":"ListItem","position":1,"name":"Home","item":"https:\/\/reptyfood.com\/blog\/"},{"@type":"ListItem","position":2,"name":"Grilli acheta domestica allevamento"}]},{"@type":"WebSite","@id":"https:\/\/reptyfood.com\/blog\/#website","url":"https:\/\/reptyfood.com\/blog\/","name":"Reptyfood blog","description":"","publisher":{"@id":"https:\/\/reptyfood.com\/blog\/#\/schema\/person\/15fd7136fe0db027749ed4d59f5c1541"},"potentialAction":[{"@type":"SearchAction","target":{"@type":"EntryPoint","urlTemplate":"https:\/\/reptyfood.com\/blog\/?s={search_term_string}"},"query-input":{"@type":"PropertyValueSpecification","valueRequired":true,"valueName":"search_term_string"}}],"inLanguage":"it-IT"},{"@type":["Person","Organization"],"@id":"https:\/\/reptyfood.com\/blog\/#\/schema\/person\/15fd7136fe0db027749ed4d59f5c1541","name":"admin","image":{"@type":"ImageObject","inLanguage":"it-IT","@id":"https:\/\/reptyfood.com\/blog\/#\/schema\/person\/image\/","url":"https:\/\/reptyfood.com\/blog\/wp-content\/uploads\/2023\/05\/My-project-13.png","contentUrl":"https:\/\/reptyfood.com\/blog\/wp-content\/uploads\/2023\/05\/My-project-13.png","width":2560,"height":2560,"caption":"admin"},"logo":{"@id":"https:\/\/reptyfood.com\/blog\/#\/schema\/person\/image\/"},"sameAs":["https:\/\/reptyfood.com\/","https:\/\/www.facebook.com\/Reptyfood-insetti-da-pastocibo-surgelato-e-attrezzatura-per-esotici-1559978360888090\/","https:\/\/www.instagram.com\/reptyfood_animali_esotici","https:\/\/www.youtube.com\/channel\/UCa08XN3rOWzTBdJP7jkgkCw"]}]}},"_links":{"self":[{"href":"https:\/\/reptyfood.com\/blog\/wp-json\/wp\/v2\/pages\/327","targetHints":{"allow":["GET"]}}],"collection":[{"href":"https:\/\/reptyfood.com\/blog\/wp-json\/wp\/v2\/pages"}],"about":[{"href":"https:\/\/reptyfood.com\/blog\/wp-json\/wp\/v2\/types\/page"}],"author":[{"embeddable":true,"href":"https:\/\/reptyfood.com\/blog\/wp-json\/wp\/v2\/users\/1"}],"replies":[{"embeddable":true,"href":"https:\/\/reptyfood.com\/blog\/wp-json\/wp\/v2\/comments?post=327"}],"version-history":[{"count":2,"href":"https:\/\/reptyfood.com\/blog\/wp-json\/wp\/v2\/pages\/327\/revisions"}],"predecessor-version":[{"id":332,"href":"https:\/\/reptyfood.com\/blog\/wp-json\/wp\/v2\/pages\/327\/revisions\/332"}],"wp:attachment":[{"href":"https:\/\/reptyfood.com\/blog\/wp-json\/wp\/v2\/media?parent=327"}],"curies":[{"name":"wp","href":"https:\/\/api.w.org\/{rel}","templated":true}]}}